{"id":19984,"date":"2023-07-06T16:22:17","date_gmt":"2023-07-06T20:22:17","guid":{"rendered":"https:\/\/www.teknema.com\/?page_id=19984"},"modified":"2024-09-29T21:38:13","modified_gmt":"2024-09-30T01:38:13","slug":"mise-a-niveau-sous-stations-electriques","status":"publish","type":"page","link":"https:\/\/www.teknema.com\/fr\/mise-a-niveau-sous-stations-electriques\/","title":{"rendered":"Mise \u00e0 niveau des sous-stations \u00e9lectriques"},"content":{"rendered":"[vc_row full_width=\u00a0\u00bbstretch_row_content\u00a0\u00bb gap=\u00a0\u00bb0&Prime; full_height=\u00a0\u00bbyes\u00a0\u00bb equal_height=\u00a0\u00bbyes\u00a0\u00bb element_id=\u00a0\u00bb741596&Prime; element_css=\u00a0\u00bb.vc-row-741596 .fixed-container {background-image:url(https:\/\/www.teknema.com\/wp-content\/uploads\/2022\/09\/IMG_5656.jpg);}.vc-row-741596 .curtain-gradient {background:linear-gradient(55deg, transparent 6%, rgba(241,187,56,0.85) 20%);}\u00a0\u00bb grid_overlay=\u00a0\u00bbwhite\u00a0\u00bb curtain_gradient_position=\u00a0\u00bbright\u00a0\u00bb fixed_bg=\u00a0\u00bbtrue\u00a0\u00bb curtain_gradient=\u00a0\u00bbtrue\u00a0\u00bb css=\u00a0\u00bb.vc_custom_1688674791339{padding-top: 0px !important;padding-bottom: 72px !important;background-color: #212121 !important;background-position: center !important;background-repeat: no-repeat !important;background-size: cover !important;}\u00a0\u00bb curtain_gradient_color=\u00a0\u00bbrgba(241,187,56,0.85)\u00a0\u00bb fixed_bg_image=\u00a0\u00bb19986&Prime;][vc_column animation_delay=\u00a0\u00bb0&Prime; width=\u00a0\u00bb2\/5&Prime; element_id=\u00a0\u00bb83119&Prime; offset=\u00a0\u00bbvc_col-lg-6 vc_col-md-6 vc_col-xs-12&Prime; crp=\u00a0\u00bb480:i:i,480-768:i:i,768-1024:i:i,1024-1280:i:i,1280-1366:i:i,1366-1600:i:i,1600-1920:i:i\u00a0\u00bb][\/vc_column][vc_column animation_delay=\u00a0\u00bb600&Prime; css_animation=\u00a0\u00bbright-to-left\u00a0\u00bb width=\u00a0\u00bb3\/5&Prime; element_id=\u00a0\u00bb858870&Prime; crp=\u00a0\u00bb480:i:i,480-768:i:i,768-1024:i:i,1024-1280:i:i,1280-1366:i:i,1366-1600:i:i,1600-1920:i:i\u00a0\u00bb offset=\u00a0\u00bbvc_col-lg-6 vc_col-md-6 vc_col-xs-12&Prime;]<span class=\"et-gap et-clearfix et-gap-287867\"><\/span><h1 class=\"et-heading text-align-left tablet-text-align-inherit mobile-text-align-inherit animate-false no-animation-type\" id=\"et-heading-396864\" data-delay=\"0\" data-mobile-font=\"inherit\" data-mobile-line-height=\"inherit\" data-tablet-landscape-font=\"inherit\" data-tablet-portrait-font=\"inherit\" data-tablet-landscape-line-height=\"inherit\" data-tablet-portrait-line-height=\"inherit\" data-parallax=\"false\" data-move=\"false\" data-coordinatex=\"0\" data-coordinatey=\"0\" data-speed=\"10\"><span class=\"text-wrapper\"><span class=\"text\">Secteur alimentaire &#8211; Minoterie<\/span><\/span><\/h1><p class=\"et-heading text-align-left tablet-text-align-inherit mobile-text-align-inherit animate-false no-animation-type\" id=\"et-heading-524693\" data-delay=\"0\" data-mobile-font=\"inherit\" data-mobile-line-height=\"inherit\" data-tablet-landscape-font=\"inherit\" data-tablet-portrait-font=\"inherit\" data-tablet-landscape-line-height=\"inherit\" data-tablet-portrait-line-height=\"inherit\" data-parallax=\"false\" data-move=\"false\" data-coordinatex=\"0\" data-coordinatey=\"0\" data-speed=\"10\"><span class=\"text-wrapper\"><span class=\"text\">Mise \u00e0 niveau des sous-stations \u00e9lectriques<\/span><\/span><\/p><span class=\"et-gap et-clearfix et-gap-348193\"><\/span>[\/vc_column][\/vc_row][vc_row element_id=\u00a0\u00bb191140&Prime; css=\u00a0\u00bb.vc_custom_1664390494670{padding-top: 40px !important;padding-bottom: 40px !important;}\u00a0\u00bb][vc_column][vc_column_text animation_delay=\u00a0\u00bb0&Prime;]\n<h5 class=\"project-description-title\">DESCRIPTION DU PROJET<\/h5>\n<p>Dans le cadre d\u2019une mise \u00e0 niveau des sous-stations \u00e9lectriques, TEKNEMA a \u00e9t\u00e9 le surintendant pour les travaux suivants\u00a0:<\/p>\n<ul>\n<li>\u00c9lectrique\n<ul>\n<li>Modernisation des installations \u00e9lectriques de l\u2019usine et pr\u00e9paration pour un changement de la tension d\u2019alimentation par Hydro-Qu\u00e9bec.<\/li>\n<li>Construction de deux nouvelles salles \u00e9lectriques.<\/li>\n<li>Installation de transformateurs et d\u2019\u00e9quipements de commutation.<\/li>\n<li>Installation d\u2019une g\u00e9n\u00e9ratrice<\/li>\n<\/ul>\n<\/li>\n<li>M\u00e9canique\n<ul>\n<li>Modification au syst\u00e8me de protection d\u2019incendie<\/li>\n<li>Remplacement des pompes<\/li>\n<li>Installation d\u2019un syst\u00e8me de ventilation temporaire et de deux syst\u00e8mes permanents.<\/li>\n<\/ul>\n<\/li>\n<li>Structure et architecture\n<ul>\n<li>Renforcement de la structure<\/li>\n<li>\u00c9limination d\u2019amiante et de peinture au plomb<\/li>\n<li>D\u00e9molition et construction de murs<\/li>\n<li>Travaux de toiture<\/li>\n<li>Construction de dalles de b\u00e9ton<\/li>\n<li>Excavation<\/li>\n<li>Travaux de levage<\/li>\n<li>Travaux sur \u00e9chafaudages<\/li>\n<\/ul>\n<\/li>\n<\/ul>\n<h5 class=\"project-description-title\">SERVICES RENDUS PAR TEKNEMA<\/h5>\n<p><strong>GESTION DE CONSTRUCTION<\/strong><\/p>\n<ul class=\"services\" style=\"margin-top: -20px;\">\n<li>Agir \u00e0 titre de surintendant de chantier<\/li>\n<li>Suivi d\u2019avancement des travaux<\/li>\n<li>Gestion des sous-traitants<\/li>\n<li>Coordination de la r\u00e9ception des mat\u00e9riaux<\/li>\n<li>Contr\u00f4le de la qualit\u00e9 de pose des mat\u00e9riaux et de l\u2019ex\u00e9cution de la main d\u2019\u0153uvre<\/li>\n<li>Planification, supervision et coordination des travaux en fonction des impacts sur la production<\/li>\n<\/ul>\n<p><strong>SANTE ET SECURITE<\/strong><\/p>\n<ul class=\"services\" style=\"margin-top: -20px;\">\n<li>Accueil SST des sous-traitants selon les proc\u00e9dures du client<\/li>\n<li>Audits SST hebdomadaires<\/li>\n<li>Recherche de techniques de travail s\u00e9curitaires<\/li>\n<li>\u00c9mission de permis pour travaux \u00e0 plus haut niveau de risque<\/li>\n<\/ul>\n<p>L\u2019\u00e9quipe TEKNEMA s\u2019est assur\u00e9e que les mesures pour pr\u00e9server la Sant\u00e9 et la S\u00e9curit\u00e9 du personnel et des installations aient \u00e9t\u00e9 mises en place pendant le projet.[\/vc_column_text][\/vc_column][\/vc_row]\n","protected":false},"excerpt":{"rendered":"<p>[vc_row full_width=\u00a0\u00bbstretch_row_content\u00a0\u00bb gap=\u00a0\u00bb0&Prime; full_height=\u00a0\u00bbyes\u00a0\u00bb equal_height=\u00a0\u00bbyes\u00a0\u00bb element_id=\u00a0\u00bb741596&Prime; element_css=\u00a0\u00bb.vc-row-741596 .fixed-container {background-image:url(https:\/\/www.teknema.com\/wp-content\/uploads\/2022\/09\/IMG_5656.jpg);}.vc-row-741596 .curtain-gradient {background:linear-gradient(55deg, transparent 6%, rgba(241,187,56,0.85) 20%);}\u00a0\u00bb grid_overlay=\u00a0\u00bbwhite\u00a0\u00bb curtain_gradient_position=\u00a0\u00bbright\u00a0\u00bb fixed_bg=\u00a0\u00bbtrue\u00a0\u00bb curtain_gradient=\u00a0\u00bbtrue\u00a0\u00bb css=\u00a0\u00bb.vc_custom_1688674791339{padding-top: 0px !important;padding-bottom: 72px !important;background-color: #212121 !important;background-position: center !important;background-repeat: no-repeat !important;background-size: cover !important;}\u00a0\u00bb curtain_gradient_color=\u00a0\u00bbrgba(241,187,56,0.85)\u00a0\u00bb fixed_bg_image=\u00a0\u00bb19986&Prime;][vc_column animation_delay=\u00a0\u00bb0&Prime; width=\u00a0\u00bb2\/5&Prime; element_id=\u00a0\u00bb83119&Prime; offset=\u00a0\u00bbvc_col-lg-6 vc_col-md-6 vc_col-xs-12&Prime; crp=\u00a0\u00bb480:i:i,480-768:i:i,768-1024:i:i,1024-1280:i:i,1280-1366:i:i,1366-1600:i:i,1600-1920:i:i\u00a0\u00bb][\/vc_column][vc_column animation_delay=\u00a0\u00bb600&Prime; css_animation=\u00a0\u00bbright-to-left\u00a0\u00bb width=\u00a0\u00bb3\/5&Prime; element_id=\u00a0\u00bb858870&Prime; crp=\u00a0\u00bb480:i:i,480-768:i:i,768-1024:i:i,1024-1280:i:i,1280-1366:i:i,1366-1600:i:i,1600-1920:i:i\u00a0\u00bb offset=\u00a0\u00bbvc_col-lg-6 vc_col-md-6 vc_col-xs-12&Prime;][\/vc_column][\/vc_row][vc_row element_id=\u00a0\u00bb191140&Prime; css=\u00a0\u00bb.vc_custom_1664390494670{padding-top: 40px !important;padding-bottom: 40px !important;}\u00a0\u00bb][vc_column][vc_column_text [&hellip;]<\/p>\n","protected":false},"author":8,"featured_media":0,"parent":0,"menu_order":52,"comment_status":"closed","ping_status":"closed","template":"page-vc.php","meta":{"inline_featured_image":false,"footnotes":""},"class_list":["post-19984","page","type-page","status-publish","hentry"],"_links":{"self":[{"href":"https:\/\/www.teknema.com\/fr\/wp-json\/wp\/v2\/pages\/19984"}],"collection":[{"href":"https:\/\/www.teknema.com\/fr\/wp-json\/wp\/v2\/pages"}],"about":[{"href":"https:\/\/www.teknema.com\/fr\/wp-json\/wp\/v2\/types\/page"}],"author":[{"embeddable":true,"href":"https:\/\/www.teknema.com\/fr\/wp-json\/wp\/v2\/users\/8"}],"replies":[{"embeddable":true,"href":"https:\/\/www.teknema.com\/fr\/wp-json\/wp\/v2\/comments?post=19984"}],"version-history":[{"count":16,"href":"https:\/\/www.teknema.com\/fr\/wp-json\/wp\/v2\/pages\/19984\/revisions"}],"predecessor-version":[{"id":20321,"href":"https:\/\/www.teknema.com\/fr\/wp-json\/wp\/v2\/pages\/19984\/revisions\/20321"}],"wp:attachment":[{"href":"https:\/\/www.teknema.com\/fr\/wp-json\/wp\/v2\/media?parent=19984"}],"curies":[{"name":"wp","href":"https:\/\/api.w.org\/{rel}","templated":true}]}}