{"id":19933,"date":"2023-04-19T13:20:43","date_gmt":"2023-04-19T17:20:43","guid":{"rendered":"https:\/\/www.teknema.com\/?page_id=19933"},"modified":"2024-10-05T16:58:22","modified_gmt":"2024-10-05T20:58:22","slug":"remplacement-roues-rails-tours-marines","status":"publish","type":"page","link":"https:\/\/www.teknema.com\/fr\/remplacement-roues-rails-tours-marines\/","title":{"rendered":"Remplacement des roues et des rails des tours marines"},"content":{"rendered":"[vc_row full_width=\u00a0\u00bbstretch_row_content\u00a0\u00bb gap=\u00a0\u00bb0&Prime; equal_height=\u00a0\u00bbyes\u00a0\u00bb animated_bg_dir=\u00a0\u00bbvertical\u00a0\u00bb element_id=\u00a0\u00bb116647&Prime; element_css=\u00a0\u00bb.vc-row-116647 .animated-container {background-image:url(https:\/\/www.teknema.com\/wp-content\/uploads\/2022\/09\/tour-a-grains-2.png);}.vc-row-116647 .curtain-gradient {background:linear-gradient(55deg, transparent 6%, rgba(241,187,56,0.85) 20%);}\u00a0\u00bb grid_overlay=\u00a0\u00bbwhite\u00a0\u00bb curtain_gradient_position=\u00a0\u00bbright\u00a0\u00bb animated_bg=\u00a0\u00bbtrue\u00a0\u00bb curtain_gradient=\u00a0\u00bbtrue\u00a0\u00bb css=\u00a0\u00bb.vc_custom_1681920381926{padding-top: 0px !important;padding-bottom: 72px !important;background-color: #212121 !important;background-position: center !important;background-repeat: no-repeat !important;background-size: cover !important;}\u00a0\u00bb curtain_gradient_color=\u00a0\u00bbrgba(241,187,56,0.85)\u00a0\u00bb animated_bg_image=\u00a0\u00bb19912&Prime;][vc_column animation_delay=\u00a0\u00bb0&Prime; width=\u00a0\u00bb2\/5&Prime; element_id=\u00a0\u00bb83119&Prime; offset=\u00a0\u00bbvc_col-lg-6 vc_col-md-6 vc_col-xs-12&Prime; crp=\u00a0\u00bb480:i:i,480-768:i:i,768-1024:i:i,1024-1280:i:i,1280-1366:i:i,1366-1600:i:i,1600-1920:i:i\u00a0\u00bb][\/vc_column][vc_column animation_delay=\u00a0\u00bb600&Prime; css_animation=\u00a0\u00bbright-to-left\u00a0\u00bb width=\u00a0\u00bb3\/5&Prime; element_id=\u00a0\u00bb858870&Prime; crp=\u00a0\u00bb480:i:i,480-768:i:i,768-1024:i:i,1024-1280:i:i,1280-1366:i:i,1366-1600:i:i,1600-1920:i:i\u00a0\u00bb offset=\u00a0\u00bbvc_col-lg-6 vc_col-md-6 vc_col-xs-12&Prime;]<span class=\"et-gap et-clearfix et-gap-287867\"><\/span><h1 class=\"et-heading text-align-left tablet-text-align-inherit mobile-text-align-inherit animate-false no-animation-type\" id=\"et-heading-812249\" data-delay=\"0\" data-mobile-font=\"inherit\" data-mobile-line-height=\"inherit\" data-tablet-landscape-font=\"inherit\" data-tablet-portrait-font=\"inherit\" data-tablet-landscape-line-height=\"inherit\" data-tablet-portrait-line-height=\"inherit\" data-parallax=\"false\" data-move=\"false\" data-coordinatex=\"0\" data-coordinatey=\"0\" data-speed=\"10\"><span class=\"text-wrapper\"><span class=\"text\">Secteur Agricole<\/span><\/span><\/h1><p class=\"et-heading text-align-left tablet-text-align-inherit mobile-text-align-inherit animate-false no-animation-type\" id=\"et-heading-797980\" data-delay=\"0\" data-mobile-font=\"inherit\" data-mobile-line-height=\"inherit\" data-tablet-landscape-font=\"inherit\" data-tablet-portrait-font=\"inherit\" data-tablet-landscape-line-height=\"inherit\" data-tablet-portrait-line-height=\"inherit\" data-parallax=\"false\" data-move=\"false\" data-coordinatex=\"0\" data-coordinatey=\"0\" data-speed=\"10\"><span class=\"text-wrapper\"><span class=\"text\">Remplacement des roues et des rails des tours marines<\/span><\/span><\/p><span class=\"et-gap et-clearfix et-gap-348193\"><\/span>[\/vc_column][\/vc_row][vc_row element_id=\u00a0\u00bb191140&Prime; css=\u00a0\u00bb.vc_custom_1664390494670{padding-top: 40px !important;padding-bottom: 40px !important;}\u00a0\u00bb][vc_column][vc_column_text animation_delay=\u00a0\u00bb0&Prime;]\n<h5 class=\"project-description-title\">DESCRIPTION DU PROJET<\/h5>\n<p>Le terminal c\u00e9r\u00e9alier du client client compte trois tours marines servant \u00e0 d\u00e9charger le grain des navires laquiers et \u00e0 l\u2019acheminer jusqu\u2019au navire. Chaque tour marine est soutenue par 40 roues permettant de se d\u00e9placer sur des rails pour s\u2019aligner sur les diff\u00e9rentes cales du navire.<\/p>\n<p>Ce projet comprenait trois phases sur 4 ans pour le remplacement des roues et des rails des tours marines ainsi que pour la modernisation de l\u2019installation \u00e9lectrique.<\/p>\n<p>TEKNEMA, expert en gestion de la construction, poss\u00e8de une vaste connaissance des proc\u00e9dures de sant\u00e9 et de s\u00e9curit\u00e9 d\u00e9finies par la CNESST permettant, ainsi, de veiller \u00e0 ce qu\u2019aucun accident ni blessure ne surviennent pendant la dur\u00e9e du projet.<\/p>\n<p>Pour ce projet, TEKNEMA \u00e9tait le lien de communication entre les diff\u00e9rents sous-traitants travaillant sur le projet et le client. Quotidiennement, TEKNEMA animait deux r\u00e9unions de chantier pour discuter de l\u2019avancement du projet et des risques reli\u00e9s \u00e0 la nature des travaux.<\/p>\n<h5 class=\"project-description-title\">SERVICES RENDUS PAR TEKNEMA<\/h5>\n<p><strong>GESTION DE LA CONSTRUCTION<\/strong><\/p>\n<ul class=\"services\" style=\"margin-top: -20px;\">\n<li>Gestion des sous-traitants et suivi de l&rsquo;avancement des travaux<\/li>\n<li>Contr\u00f4le des mat\u00e9riaux \u00e0 la r\u00e9ception<\/li>\n<li>Contr\u00f4le de la qualit\u00e9 de l&rsquo;installation, des mat\u00e9riaux et de l&rsquo;ex\u00e9cution des travaux<\/li>\n<li>Planification, supervision et coordination des travaux jusqu&rsquo;\u00e0 la mise en service<\/li>\n<\/ul>\n<p><strong>SANT\u00c9 &amp; S\u00c9CURIT\u00c9<\/strong><br \/>\nL\u2019\u00e9quipe TEKNEMA s\u2019est assur\u00e9e que les mesures pour pr\u00e9server la Sant\u00e9 et la S\u00e9curit\u00e9 du personnel et des installations aient \u00e9t\u00e9 mises en place pendant le projet.<\/p>\n<p><strong>PRET DE PERSONNEL<\/strong><br \/>\nTEKNEMA fournit au client des ressources qui peuvent agir en tant que superviseur de la maintenance, chef de projet de maintenance, chef de chantier et superviseur de site.[\/vc_column_text][\/vc_column][\/vc_row][vc_row][vc_column][vc_column_text]\n[\/vc_column_text][\/vc_column][\/vc_row]\n","protected":false},"excerpt":{"rendered":"<p>[vc_row full_width=\u00a0\u00bbstretch_row_content\u00a0\u00bb gap=\u00a0\u00bb0&Prime; equal_height=\u00a0\u00bbyes\u00a0\u00bb animated_bg_dir=\u00a0\u00bbvertical\u00a0\u00bb element_id=\u00a0\u00bb116647&Prime; element_css=\u00a0\u00bb.vc-row-116647 .animated-container {background-image:url(https:\/\/www.teknema.com\/wp-content\/uploads\/2022\/09\/tour-a-grains-2.png);}.vc-row-116647 .curtain-gradient {background:linear-gradient(55deg, transparent 6%, rgba(241,187,56,0.85) 20%);}\u00a0\u00bb grid_overlay=\u00a0\u00bbwhite\u00a0\u00bb curtain_gradient_position=\u00a0\u00bbright\u00a0\u00bb animated_bg=\u00a0\u00bbtrue\u00a0\u00bb curtain_gradient=\u00a0\u00bbtrue\u00a0\u00bb css=\u00a0\u00bb.vc_custom_1681920381926{padding-top: 0px !important;padding-bottom: 72px !important;background-color: #212121 !important;background-position: center !important;background-repeat: no-repeat !important;background-size: cover !important;}\u00a0\u00bb curtain_gradient_color=\u00a0\u00bbrgba(241,187,56,0.85)\u00a0\u00bb animated_bg_image=\u00a0\u00bb19912&Prime;][vc_column animation_delay=\u00a0\u00bb0&Prime; width=\u00a0\u00bb2\/5&Prime; element_id=\u00a0\u00bb83119&Prime; offset=\u00a0\u00bbvc_col-lg-6 vc_col-md-6 vc_col-xs-12&Prime; crp=\u00a0\u00bb480:i:i,480-768:i:i,768-1024:i:i,1024-1280:i:i,1280-1366:i:i,1366-1600:i:i,1600-1920:i:i\u00a0\u00bb][\/vc_column][vc_column animation_delay=\u00a0\u00bb600&Prime; css_animation=\u00a0\u00bbright-to-left\u00a0\u00bb width=\u00a0\u00bb3\/5&Prime; element_id=\u00a0\u00bb858870&Prime; crp=\u00a0\u00bb480:i:i,480-768:i:i,768-1024:i:i,1024-1280:i:i,1280-1366:i:i,1366-1600:i:i,1600-1920:i:i\u00a0\u00bb offset=\u00a0\u00bbvc_col-lg-6 vc_col-md-6 vc_col-xs-12&Prime;][\/vc_column][\/vc_row][vc_row element_id=\u00a0\u00bb191140&Prime; css=\u00a0\u00bb.vc_custom_1664390494670{padding-top: 40px !important;padding-bottom: 40px !important;}\u00a0\u00bb][vc_column][vc_column_text [&hellip;]<\/p>\n","protected":false},"author":8,"featured_media":0,"parent":0,"menu_order":52,"comment_status":"closed","ping_status":"closed","template":"page-vc.php","meta":{"inline_featured_image":false,"footnotes":""},"class_list":["post-19933","page","type-page","status-publish","hentry"],"_links":{"self":[{"href":"https:\/\/www.teknema.com\/fr\/wp-json\/wp\/v2\/pages\/19933"}],"collection":[{"href":"https:\/\/www.teknema.com\/fr\/wp-json\/wp\/v2\/pages"}],"about":[{"href":"https:\/\/www.teknema.com\/fr\/wp-json\/wp\/v2\/types\/page"}],"author":[{"embeddable":true,"href":"https:\/\/www.teknema.com\/fr\/wp-json\/wp\/v2\/users\/8"}],"replies":[{"embeddable":true,"href":"https:\/\/www.teknema.com\/fr\/wp-json\/wp\/v2\/comments?post=19933"}],"version-history":[{"count":8,"href":"https:\/\/www.teknema.com\/fr\/wp-json\/wp\/v2\/pages\/19933\/revisions"}],"predecessor-version":[{"id":20414,"href":"https:\/\/www.teknema.com\/fr\/wp-json\/wp\/v2\/pages\/19933\/revisions\/20414"}],"wp:attachment":[{"href":"https:\/\/www.teknema.com\/fr\/wp-json\/wp\/v2\/media?parent=19933"}],"curies":[{"name":"wp","href":"https:\/\/api.w.org\/{rel}","templated":true}]}}