{"id":19891,"date":"2023-03-17T09:40:53","date_gmt":"2023-03-17T13:40:53","guid":{"rendered":"https:\/\/www.teknema.com\/?page_id=19891"},"modified":"2024-09-29T20:41:27","modified_gmt":"2024-09-30T00:41:27","slug":"installation-chambre-electrique-au-toit","status":"publish","type":"page","link":"https:\/\/www.teknema.com\/fr\/installation-chambre-electrique-au-toit\/","title":{"rendered":"Installation d&rsquo;une chambre \u00e9lectrique au toit"},"content":{"rendered":"[vc_row full_width=\u00a0\u00bbstretch_row_content\u00a0\u00bb gap=\u00a0\u00bb0&Prime; equal_height=\u00a0\u00bbyes\u00a0\u00bb animated_bg_dir=\u00a0\u00bbvertical\u00a0\u00bb element_id=\u00a0\u00bb13624&Prime; element_css=\u00a0\u00bb.vc-row-13624 .animated-container {background-image:url(https:\/\/www.teknema.com\/wp-content\/uploads\/2022\/09\/E-House-lifting.png);}.vc-row-13624 .curtain-gradient {background:linear-gradient(55deg, transparent 6%, rgba(241,187,56,0.85) 20%);}\u00a0\u00bb grid_overlay=\u00a0\u00bbwhite\u00a0\u00bb curtain_gradient_position=\u00a0\u00bbright\u00a0\u00bb animated_bg=\u00a0\u00bbtrue\u00a0\u00bb curtain_gradient=\u00a0\u00bbtrue\u00a0\u00bb css=\u00a0\u00bb.vc_custom_1678997876286{padding-top: 0px !important;padding-bottom: 72px !important;background-color: #212121 !important;background-position: center !important;background-repeat: no-repeat !important;background-size: cover !important;}\u00a0\u00bb curtain_gradient_color=\u00a0\u00bbrgba(241,187,56,0.85)\u00a0\u00bb animated_bg_image=\u00a0\u00bb19889&Prime;][vc_column animation_delay=\u00a0\u00bb0&Prime; width=\u00a0\u00bb2\/5&Prime; element_id=\u00a0\u00bb83119&Prime; offset=\u00a0\u00bbvc_col-lg-6 vc_col-md-6 vc_col-xs-12&Prime; crp=\u00a0\u00bb480:i:i,480-768:i:i,768-1024:i:i,1024-1280:i:i,1280-1366:i:i,1366-1600:i:i,1600-1920:i:i\u00a0\u00bb][\/vc_column][vc_column animation_delay=\u00a0\u00bb600&Prime; css_animation=\u00a0\u00bbright-to-left\u00a0\u00bb width=\u00a0\u00bb3\/5&Prime; element_id=\u00a0\u00bb858870&Prime; crp=\u00a0\u00bb480:i:i,480-768:i:i,768-1024:i:i,1024-1280:i:i,1280-1366:i:i,1366-1600:i:i,1600-1920:i:i\u00a0\u00bb offset=\u00a0\u00bbvc_col-lg-6 vc_col-md-6 vc_col-xs-12&Prime;]<span class=\"et-gap et-clearfix et-gap-287867\"><\/span><h1 class=\"et-heading text-align-left tablet-text-align-inherit mobile-text-align-inherit animate-false no-animation-type\" id=\"et-heading-226973\" data-delay=\"0\" data-mobile-font=\"inherit\" data-mobile-line-height=\"inherit\" data-tablet-landscape-font=\"inherit\" data-tablet-portrait-font=\"inherit\" data-tablet-landscape-line-height=\"inherit\" data-tablet-portrait-line-height=\"inherit\" data-parallax=\"false\" data-move=\"false\" data-coordinatex=\"0\" data-coordinatey=\"0\" data-speed=\"10\"><span class=\"text-wrapper\"><span class=\"text\">Secteur Alimentaire<\/span><\/span><\/h1><p class=\"et-heading text-align-left tablet-text-align-inherit mobile-text-align-inherit animate-false no-animation-type\" id=\"et-heading-373631\" data-delay=\"0\" data-mobile-font=\"inherit\" data-mobile-line-height=\"inherit\" data-tablet-landscape-font=\"inherit\" data-tablet-portrait-font=\"inherit\" data-tablet-landscape-line-height=\"inherit\" data-tablet-portrait-line-height=\"inherit\" data-parallax=\"false\" data-move=\"false\" data-coordinatex=\"0\" data-coordinatey=\"0\" data-speed=\"10\"><span class=\"text-wrapper\"><span class=\"text\">Installation d&rsquo;une chambre \u00e9lectrique au toit<\/span><\/span><\/p><span class=\"et-gap et-clearfix et-gap-348193\"><\/span>[\/vc_column][\/vc_row][vc_row element_id=\u00a0\u00bb191140&Prime; css=\u00a0\u00bb.vc_custom_1664390494670{padding-top: 40px !important;padding-bottom: 40px !important;}\u00a0\u00bb][vc_column][vc_column_text animation_delay=\u00a0\u00bb0&Prime;]\n<h5 class=\"project-description-title\">DESCRIPTION DU PROJET<\/h5>\n<p>Un client d\u00e9sirait mettre aux normes l\u2019entr\u00e9e \u00e9lectrique et les contr\u00f4les de moteur de son usine. Pour ce faire, TEKNEMA a support\u00e9 \u00e0 d\u00e9finir l\u2019\u00e9tendue et l\u2019ex\u00e9cution de l\u2019installation d\u2019une chambre avec une solution cl\u00e9 en main. TEKNEMA a d\u00e9termin\u00e9 le positionnement de la chambre \u00e9lectrique pour optimiser les travaux et le c\u00e2blage vers les \u00e9quipements, ce qui a permis d\u2019\u00e9viter une interruption de la production. Les 2 conteneurs pesant chacun 50 tonnes ont \u00e9t\u00e9 install\u00e9s avec une grue sur une nouvelle structure d\u2019acier sur pieux.<\/p>\n<p>La supervision du chantier en continu a permis de s\u2019assurer de la qualit\u00e9 des travaux, du respect de l\u2019\u00e9ch\u00e9ancier, des normes de sant\u00e9, s\u00e9curit\u00e9 et environnement, des bonnes pratiques du domaine alimentaire et de toutes autres exigences sp\u00e9cifiques du client.<\/p>\n<h5 class=\"project-description-title\">SERVICES RENDUS PAR TEKNEMA<\/h5>\n<p><strong>PHASE DE PRE-CONSTRUCTION<\/strong><\/p>\n<ul class=\"services\" style=\"margin-top: -20px;\">\n<li>\u00c9laboration et suivi du budget et de l\u2019\u00e9ch\u00e9ancier de construction<\/li>\n<li>\u00c9laboration, planification et organisation du phasage des travaux<\/li>\n<li>\u00c9valuation du plan d\u2019ex\u00e9cution<\/li>\n<li>Mobilisation et coordination des professionnels<\/li>\n<li>Organisation logistique et aide \u00e0 la prise de d\u00e9cisions<\/li>\n<\/ul>\n<p><strong>COORDINATION DES APPELS D&rsquo;OFFRES<\/strong><\/p>\n<ul class=\"services\" style=\"margin-top: -20px;\">\n<li>Pr\u00e9paration des dossiers d\u2019appels d\u2019offres aux entreprises<\/li>\n<li>Anticipation des d\u00e9lais de livraison des mat\u00e9riaux et des \u00e9quipements<\/li>\n<li>Pr\u00e9s\u00e9lection des entrepreneurs et des fournisseurs<\/li>\n<li>Suivi des dossiers d\u2019appels d\u2019offres<\/li>\n<li>Analyse des offres, conseil sur le mode contractuel et octroi des contrats<\/li>\n<li>Supervision des r\u00e9ceptions et de la tenue d\u2019inventaire<\/li>\n<\/ul>\n<p><strong>GESTION DE CONSTRUCTION<\/strong><\/p>\n<ul class=\"services\" style=\"margin-top: -20px;\">\n<li>Gestion du budget et suivi de la comptabilit\u00e9 du projet<\/li>\n<li>Administration des contrats de construction<\/li>\n<li>Gestion documentaire<\/li>\n<li>Gestion de l\u2019\u00e9ch\u00e9ancier de construction<\/li>\n<li>Gestion des sous-traitants et suivi d\u2019avancement des travaux<\/li>\n<li>Contr\u00f4le des mat\u00e9riaux \u00e0 r\u00e9ception<\/li>\n<li>Contr\u00f4le de la qualit\u00e9 de pose des mat\u00e9riaux et de l\u2019ex\u00e9cution de la main d\u2019\u0153uvre<\/li>\n<li>Planification, supervision et coordination des travaux jusqu\u2019\u00e0 la mise en service<\/li>\n<\/ul>\n<p><strong>SANT\u00c9 &amp; S\u00c9CURIT\u00c9<\/strong><br \/>\nL\u2019\u00e9quipe TEKNEMA s\u2019est assur\u00e9e que les mesures pour pr\u00e9server la Sant\u00e9 et la S\u00e9curit\u00e9 du personnel et des installations aient \u00e9t\u00e9 mises en place pendant le projet.[\/vc_column_text][\/vc_column][\/vc_row]\n","protected":false},"excerpt":{"rendered":"<p>[vc_row full_width=\u00a0\u00bbstretch_row_content\u00a0\u00bb gap=\u00a0\u00bb0&Prime; equal_height=\u00a0\u00bbyes\u00a0\u00bb animated_bg_dir=\u00a0\u00bbvertical\u00a0\u00bb element_id=\u00a0\u00bb13624&Prime; element_css=\u00a0\u00bb.vc-row-13624 .animated-container {background-image:url(https:\/\/www.teknema.com\/wp-content\/uploads\/2022\/09\/E-House-lifting.png);}.vc-row-13624 .curtain-gradient {background:linear-gradient(55deg, transparent 6%, rgba(241,187,56,0.85) 20%);}\u00a0\u00bb grid_overlay=\u00a0\u00bbwhite\u00a0\u00bb curtain_gradient_position=\u00a0\u00bbright\u00a0\u00bb animated_bg=\u00a0\u00bbtrue\u00a0\u00bb curtain_gradient=\u00a0\u00bbtrue\u00a0\u00bb css=\u00a0\u00bb.vc_custom_1678997876286{padding-top: 0px !important;padding-bottom: 72px !important;background-color: #212121 !important;background-position: center !important;background-repeat: no-repeat !important;background-size: cover !important;}\u00a0\u00bb curtain_gradient_color=\u00a0\u00bbrgba(241,187,56,0.85)\u00a0\u00bb animated_bg_image=\u00a0\u00bb19889&Prime;][vc_column animation_delay=\u00a0\u00bb0&Prime; width=\u00a0\u00bb2\/5&Prime; element_id=\u00a0\u00bb83119&Prime; offset=\u00a0\u00bbvc_col-lg-6 vc_col-md-6 vc_col-xs-12&Prime; crp=\u00a0\u00bb480:i:i,480-768:i:i,768-1024:i:i,1024-1280:i:i,1280-1366:i:i,1366-1600:i:i,1600-1920:i:i\u00a0\u00bb][\/vc_column][vc_column animation_delay=\u00a0\u00bb600&Prime; css_animation=\u00a0\u00bbright-to-left\u00a0\u00bb width=\u00a0\u00bb3\/5&Prime; element_id=\u00a0\u00bb858870&Prime; crp=\u00a0\u00bb480:i:i,480-768:i:i,768-1024:i:i,1024-1280:i:i,1280-1366:i:i,1366-1600:i:i,1600-1920:i:i\u00a0\u00bb offset=\u00a0\u00bbvc_col-lg-6 vc_col-md-6 vc_col-xs-12&Prime;][\/vc_column][\/vc_row][vc_row element_id=\u00a0\u00bb191140&Prime; css=\u00a0\u00bb.vc_custom_1664390494670{padding-top: 40px !important;padding-bottom: 40px !important;}\u00a0\u00bb][vc_column][vc_column_text [&hellip;]<\/p>\n","protected":false},"author":8,"featured_media":0,"parent":0,"menu_order":52,"comment_status":"closed","ping_status":"closed","template":"page-vc.php","meta":{"inline_featured_image":false,"footnotes":""},"class_list":["post-19891","page","type-page","status-publish","hentry"],"_links":{"self":[{"href":"https:\/\/www.teknema.com\/fr\/wp-json\/wp\/v2\/pages\/19891"}],"collection":[{"href":"https:\/\/www.teknema.com\/fr\/wp-json\/wp\/v2\/pages"}],"about":[{"href":"https:\/\/www.teknema.com\/fr\/wp-json\/wp\/v2\/types\/page"}],"author":[{"embeddable":true,"href":"https:\/\/www.teknema.com\/fr\/wp-json\/wp\/v2\/users\/8"}],"replies":[{"embeddable":true,"href":"https:\/\/www.teknema.com\/fr\/wp-json\/wp\/v2\/comments?post=19891"}],"version-history":[{"count":7,"href":"https:\/\/www.teknema.com\/fr\/wp-json\/wp\/v2\/pages\/19891\/revisions"}],"predecessor-version":[{"id":20308,"href":"https:\/\/www.teknema.com\/fr\/wp-json\/wp\/v2\/pages\/19891\/revisions\/20308"}],"wp:attachment":[{"href":"https:\/\/www.teknema.com\/fr\/wp-json\/wp\/v2\/media?parent=19891"}],"curies":[{"name":"wp","href":"https:\/\/api.w.org\/{rel}","templated":true}]}}