{"id":19867,"date":"2022-12-06T15:59:01","date_gmt":"2022-12-06T20:59:01","guid":{"rendered":"https:\/\/www.teknema.com\/?page_id=19867"},"modified":"2024-09-29T20:36:52","modified_gmt":"2024-09-30T00:36:52","slug":"installation-nouveau-systeme-de-compresseur-sans-huile","status":"publish","type":"page","link":"https:\/\/www.teknema.com\/fr\/installation-nouveau-systeme-de-compresseur-sans-huile\/","title":{"rendered":"Installation d&rsquo;un nouveau syst\u00e8me de compresseur sans huile"},"content":{"rendered":"[vc_row full_width=\u00a0\u00bbstretch_row_content\u00a0\u00bb gap=\u00a0\u00bb0&Prime; equal_height=\u00a0\u00bbyes\u00a0\u00bb element_id=\u00a0\u00bb572253&Prime; element_css=\u00a0\u00bb.vc-row-572253 .animated-container {background-image:url(https:\/\/www.teknema.com\/wp-content\/uploads\/2022\/09\/compresseur-sans-huile.jpg);}.vc-row-572253 .curtain-gradient {background:linear-gradient(55deg, transparent 6%, rgba(241,187,56,0.85) 20%);}\u00a0\u00bb grid_overlay=\u00a0\u00bbwhite\u00a0\u00bb curtain_gradient_position=\u00a0\u00bbright\u00a0\u00bb animated_bg=\u00a0\u00bbtrue\u00a0\u00bb curtain_gradient=\u00a0\u00bbtrue\u00a0\u00bb css=\u00a0\u00bb.vc_custom_1670360458491{padding-top: 0px !important;padding-bottom: 72px !important;background-color: #212121 !important;background-position: center !important;background-repeat: no-repeat !important;background-size: cover !important;}\u00a0\u00bb curtain_gradient_color=\u00a0\u00bbrgba(241,187,56,0.85)\u00a0\u00bb animated_bg_image=\u00a0\u00bb19863&Prime;][vc_column animation_delay=\u00a0\u00bb0&Prime; width=\u00a0\u00bb2\/5&Prime; element_id=\u00a0\u00bb83119&Prime; offset=\u00a0\u00bbvc_col-lg-6 vc_col-md-6 vc_col-xs-12&Prime; crp=\u00a0\u00bb480:i:i,480-768:i:i,768-1024:i:i,1024-1280:i:i,1280-1366:i:i,1366-1600:i:i,1600-1920:i:i\u00a0\u00bb][\/vc_column][vc_column animation_delay=\u00a0\u00bb600&Prime; css_animation=\u00a0\u00bbright-to-left\u00a0\u00bb width=\u00a0\u00bb3\/5&Prime; element_id=\u00a0\u00bb858870&Prime; crp=\u00a0\u00bb480:i:i,480-768:i:i,768-1024:i:i,1024-1280:i:i,1280-1366:i:i,1366-1600:i:i,1600-1920:i:i\u00a0\u00bb offset=\u00a0\u00bbvc_col-lg-6 vc_col-md-6 vc_col-xs-12&Prime;]<span class=\"et-gap et-clearfix et-gap-287867\"><\/span><h1 class=\"et-heading text-align-left tablet-text-align-inherit mobile-text-align-inherit animate-false no-animation-type\" id=\"et-heading-954870\" data-delay=\"0\" data-mobile-font=\"inherit\" data-mobile-line-height=\"inherit\" data-tablet-landscape-font=\"inherit\" data-tablet-portrait-font=\"inherit\" data-tablet-landscape-line-height=\"inherit\" data-tablet-portrait-line-height=\"inherit\" data-parallax=\"false\" data-move=\"false\" data-coordinatex=\"0\" data-coordinatey=\"0\" data-speed=\"10\"><span class=\"text-wrapper\"><span class=\"text\">Secteur Pharmaceutique<\/span><\/span><\/h1><p class=\"et-heading text-align-left tablet-text-align-inherit mobile-text-align-inherit animate-false no-animation-type\" id=\"et-heading-556980\" data-delay=\"0\" data-mobile-font=\"inherit\" data-mobile-line-height=\"inherit\" data-tablet-landscape-font=\"inherit\" data-tablet-portrait-font=\"inherit\" data-tablet-landscape-line-height=\"inherit\" data-tablet-portrait-line-height=\"inherit\" data-parallax=\"false\" data-move=\"false\" data-coordinatex=\"0\" data-coordinatey=\"0\" data-speed=\"10\"><span class=\"text-wrapper\"><span class=\"text\">Installation d&rsquo;un nouveau syst\u00e8me de compresseur sans huile<\/span><\/span><\/p><span class=\"et-gap et-clearfix et-gap-348193\"><\/span>[\/vc_column][\/vc_row][vc_row element_id=\u00a0\u00bb191140&Prime; css=\u00a0\u00bb.vc_custom_1664390494670{padding-top: 40px !important;padding-bottom: 40px !important;}\u00a0\u00bb][vc_column][vc_column_text animation_delay=\u00a0\u00bb0&Prime;]\n<h5 class=\"project-description-title\">DESCRIPTION DU PROJET<\/h5>\n<p>Dans le cadre d\u2019un contrat de pr\u00eat de personnel pour un consultant, TEKNEMA avait la charge de superviser l\u2019installation d\u2019un nouveau syst\u00e8me de compresseur sans huile et de conseiller le client en vue de diminuer le temps d\u2019arr\u00eat d\u2019air comprim\u00e9 pour l\u2019usine.<br \/>\nPendant le projet, TEKNEMA a d\u00e9couvert une d\u00e9ficience majeure dans la peinture \u00e9poxy \u00e0 l\u2019int\u00e9rieur d\u2019un r\u00e9servoir. Les r\u00e9servoirs d\u2019air comprim\u00e9 ont \u00e9t\u00e9 install\u00e9s en parall\u00e8le \u00e0 l\u2019ancien pour minimiser le temps d\u2019arr\u00eat des activit\u00e9s, soit 1h seulement d\u2019arr\u00eat. Le compresseur existant a \u00e9t\u00e9 relocalis\u00e9 et remis en service. Lors de la mise en service du nouveau compresseur, aucun temps d\u2019arr\u00eat n&rsquo;a \u00e9t\u00e9 n\u00e9cessaire pour permettre les deux syst\u00e8mes de fonctionner simultan\u00e9ment. De cette fa\u00e7on, le client peut utiliser son ancien compresseur lors de p\u00e9riode d\u2019entretien ou de probl\u00e8mes techniques.<\/p>\n<h5 class=\"project-description-title\">SERVICES RENDUS PAR TEKNEMA<\/h5>\n<p><strong>PHASE DE PRE-CONSTRUCTION\u00a0<\/strong><\/p>\n<ul class=\"services\" style=\"margin-top: -20px;\">\n<li>\u00c9laboration du budget et de l\u2019\u00e9ch\u00e9ancier de construction<\/li>\n<li>\u00c9valuation du plan d\u2019ex\u00e9cution<\/li>\n<li>Offre de service cl\u00e9 en main budg\u00e9taire<\/li>\n<li>Organisation logistique et aide \u00e0 la prise de d\u00e9cisions<\/li>\n<\/ul>\n<p><strong>GESTION DE CONSTRUCTION<\/strong><\/p>\n<ul class=\"services\" style=\"margin-top: -20px;\">\n<li>Gestion du budget et de l\u2019\u00e9ch\u00e9ancier de construction<\/li>\n<li>Gestion des sous-traitants<\/li>\n<li>Contr\u00f4le de la qualit\u00e9 de pose des mat\u00e9riaux et de l\u2019ex\u00e9cution de la main d\u2019\u0153uvre<\/li>\n<li>Supervision et coordination des travaux jusqu\u2019\u00e0 la mise en service<\/li>\n<\/ul>\n<p><strong>MISE EN SERVICE<\/strong><\/p>\n<ul class=\"services\" style=\"margin-top: -20px;\">\n<li>V\u00e9rification de la conformit\u00e9 des installations<\/li>\n<li>V\u00e9rification documentaire<\/li>\n<li>Coordination pour la formation du personnel d\u2019op\u00e9ration et de maintenance avec le fournisseur<\/li>\n<\/ul>\n<p><strong>SANT\u00c9 ET S\u00c9CURIT\u00c9<\/strong><br \/>\nL\u2019\u00e9quipe TEKNEMA s\u2019est assur\u00e9e que les mesures pour pr\u00e9server la Sant\u00e9 et la S\u00e9curit\u00e9 du personnel et des installations aient \u00e9t\u00e9 mises en place pendant le projet.<\/p>\n<p><strong>PRET DE PERSONNEL<\/strong><br \/>\nContrat de consultant expert pour ce projet d\u2019installation d\u2019un nouveau syst\u00e8me de compresseur[\/vc_column_text][\/vc_column][\/vc_row]\n","protected":false},"excerpt":{"rendered":"<p>[vc_row full_width=\u00a0\u00bbstretch_row_content\u00a0\u00bb gap=\u00a0\u00bb0&Prime; equal_height=\u00a0\u00bbyes\u00a0\u00bb element_id=\u00a0\u00bb572253&Prime; element_css=\u00a0\u00bb.vc-row-572253 .animated-container {background-image:url(https:\/\/www.teknema.com\/wp-content\/uploads\/2022\/09\/compresseur-sans-huile.jpg);}.vc-row-572253 .curtain-gradient {background:linear-gradient(55deg, transparent 6%, rgba(241,187,56,0.85) 20%);}\u00a0\u00bb grid_overlay=\u00a0\u00bbwhite\u00a0\u00bb curtain_gradient_position=\u00a0\u00bbright\u00a0\u00bb animated_bg=\u00a0\u00bbtrue\u00a0\u00bb curtain_gradient=\u00a0\u00bbtrue\u00a0\u00bb css=\u00a0\u00bb.vc_custom_1670360458491{padding-top: 0px !important;padding-bottom: 72px !important;background-color: #212121 !important;background-position: center !important;background-repeat: no-repeat !important;background-size: cover !important;}\u00a0\u00bb curtain_gradient_color=\u00a0\u00bbrgba(241,187,56,0.85)\u00a0\u00bb animated_bg_image=\u00a0\u00bb19863&Prime;][vc_column animation_delay=\u00a0\u00bb0&Prime; width=\u00a0\u00bb2\/5&Prime; element_id=\u00a0\u00bb83119&Prime; offset=\u00a0\u00bbvc_col-lg-6 vc_col-md-6 vc_col-xs-12&Prime; crp=\u00a0\u00bb480:i:i,480-768:i:i,768-1024:i:i,1024-1280:i:i,1280-1366:i:i,1366-1600:i:i,1600-1920:i:i\u00a0\u00bb][\/vc_column][vc_column animation_delay=\u00a0\u00bb600&Prime; css_animation=\u00a0\u00bbright-to-left\u00a0\u00bb width=\u00a0\u00bb3\/5&Prime; element_id=\u00a0\u00bb858870&Prime; crp=\u00a0\u00bb480:i:i,480-768:i:i,768-1024:i:i,1024-1280:i:i,1280-1366:i:i,1366-1600:i:i,1600-1920:i:i\u00a0\u00bb offset=\u00a0\u00bbvc_col-lg-6 vc_col-md-6 vc_col-xs-12&Prime;][\/vc_column][\/vc_row][vc_row element_id=\u00a0\u00bb191140&Prime; css=\u00a0\u00bb.vc_custom_1664390494670{padding-top: 40px !important;padding-bottom: 40px !important;}\u00a0\u00bb][vc_column][vc_column_text animation_delay=\u00a0\u00bb0&Prime;] [&hellip;]<\/p>\n","protected":false},"author":8,"featured_media":0,"parent":0,"menu_order":52,"comment_status":"closed","ping_status":"closed","template":"page-vc.php","meta":{"inline_featured_image":false,"footnotes":""},"class_list":["post-19867","page","type-page","status-publish","hentry"],"_links":{"self":[{"href":"https:\/\/www.teknema.com\/fr\/wp-json\/wp\/v2\/pages\/19867"}],"collection":[{"href":"https:\/\/www.teknema.com\/fr\/wp-json\/wp\/v2\/pages"}],"about":[{"href":"https:\/\/www.teknema.com\/fr\/wp-json\/wp\/v2\/types\/page"}],"author":[{"embeddable":true,"href":"https:\/\/www.teknema.com\/fr\/wp-json\/wp\/v2\/users\/8"}],"replies":[{"embeddable":true,"href":"https:\/\/www.teknema.com\/fr\/wp-json\/wp\/v2\/comments?post=19867"}],"version-history":[{"count":8,"href":"https:\/\/www.teknema.com\/fr\/wp-json\/wp\/v2\/pages\/19867\/revisions"}],"predecessor-version":[{"id":20307,"href":"https:\/\/www.teknema.com\/fr\/wp-json\/wp\/v2\/pages\/19867\/revisions\/20307"}],"wp:attachment":[{"href":"https:\/\/www.teknema.com\/fr\/wp-json\/wp\/v2\/media?parent=19867"}],"curies":[{"name":"wp","href":"https:\/\/api.w.org\/{rel}","templated":true}]}}