{"id":19855,"date":"2022-12-06T13:32:48","date_gmt":"2022-12-06T18:32:48","guid":{"rendered":"https:\/\/www.teknema.com\/installation-of-office-space-kitchenette-server-room\/"},"modified":"2024-09-29T20:32:17","modified_gmt":"2024-09-30T00:32:17","slug":"amenagement-bureaux-cuisinette-salle-serveurs","status":"publish","type":"page","link":"https:\/\/www.teknema.com\/fr\/amenagement-bureaux-cuisinette-salle-serveurs\/","title":{"rendered":"Am\u00e9nagement de bureaux, d&rsquo;une cuisinette et d&rsquo;une salle de serveurs"},"content":{"rendered":"[vc_row full_width=\u00a0\u00bbstretch_row_content\u00a0\u00bb gap=\u00a0\u00bb0&Prime; equal_height=\u00a0\u00bbyes\u00a0\u00bb animated_bg_dir=\u00a0\u00bbvertical\u00a0\u00bb element_id=\u00a0\u00bb596648&Prime; element_css=\u00a0\u00bb.vc-row-596648 .animated-container {background-image:url(https:\/\/www.teknema.com\/wp-content\/uploads\/2022\/09\/amenagement-prometic-01.jpg);}.vc-row-596648 .curtain-gradient {background:linear-gradient(55deg, transparent 6%, rgba(241,187,56,0.85) 20%);}\u00a0\u00bb grid_overlay=\u00a0\u00bbwhite\u00a0\u00bb curtain_gradient_position=\u00a0\u00bbright\u00a0\u00bb animated_bg=\u00a0\u00bbtrue\u00a0\u00bb curtain_gradient=\u00a0\u00bbtrue\u00a0\u00bb css=\u00a0\u00bb.vc_custom_1670351647767{padding-top: 0px !important;padding-bottom: 72px !important;background-color: #212121 !important;background-position: center !important;background-repeat: no-repeat !important;background-size: cover !important;}\u00a0\u00bb curtain_gradient_color=\u00a0\u00bbrgba(241,187,56,0.85)\u00a0\u00bb animated_bg_image=\u00a0\u00bb19845&Prime;][vc_column animation_delay=\u00a0\u00bb0&Prime; width=\u00a0\u00bb2\/5&Prime; element_id=\u00a0\u00bb83119&Prime; offset=\u00a0\u00bbvc_col-lg-6 vc_col-md-6 vc_col-xs-12&Prime; crp=\u00a0\u00bb480:i:i,480-768:i:i,768-1024:i:i,1024-1280:i:i,1280-1366:i:i,1366-1600:i:i,1600-1920:i:i\u00a0\u00bb][\/vc_column][vc_column animation_delay=\u00a0\u00bb600&Prime; css_animation=\u00a0\u00bbright-to-left\u00a0\u00bb width=\u00a0\u00bb3\/5&Prime; element_id=\u00a0\u00bb858870&Prime; crp=\u00a0\u00bb480:i:i,480-768:i:i,768-1024:i:i,1024-1280:i:i,1280-1366:i:i,1366-1600:i:i,1600-1920:i:i\u00a0\u00bb offset=\u00a0\u00bbvc_col-lg-6 vc_col-md-6 vc_col-xs-12&Prime;]<span class=\"et-gap et-clearfix et-gap-287867\"><\/span><h1 class=\"et-heading text-align-left tablet-text-align-inherit mobile-text-align-inherit animate-false no-animation-type\" id=\"et-heading-954870\" data-delay=\"0\" data-mobile-font=\"inherit\" data-mobile-line-height=\"inherit\" data-tablet-landscape-font=\"inherit\" data-tablet-portrait-font=\"inherit\" data-tablet-landscape-line-height=\"inherit\" data-tablet-portrait-line-height=\"inherit\" data-parallax=\"false\" data-move=\"false\" data-coordinatex=\"0\" data-coordinatey=\"0\" data-speed=\"10\"><span class=\"text-wrapper\"><span class=\"text\">Secteur Pharmaceutique<\/span><\/span><\/h1><p class=\"et-heading text-align-left tablet-text-align-inherit mobile-text-align-inherit animate-false no-animation-type\" id=\"et-heading-273633\" data-delay=\"0\" data-mobile-font=\"inherit\" data-mobile-line-height=\"inherit\" data-tablet-landscape-font=\"inherit\" data-tablet-portrait-font=\"inherit\" data-tablet-landscape-line-height=\"inherit\" data-tablet-portrait-line-height=\"inherit\" data-parallax=\"false\" data-move=\"false\" data-coordinatex=\"0\" data-coordinatey=\"0\" data-speed=\"10\"><span class=\"text-wrapper\"><span class=\"text\">Am\u00e9nagement de bureaux, d&rsquo;une cuisinette et d&rsquo;une salle de serveurs<\/span><\/span><\/p><span class=\"et-gap et-clearfix et-gap-348193\"><\/span>[\/vc_column][\/vc_row][vc_row element_id=\u00a0\u00bb191140&Prime; css=\u00a0\u00bb.vc_custom_1664390494670{padding-top: 40px !important;padding-bottom: 40px !important;}\u00a0\u00bb][vc_column][vc_column_text animation_delay=\u00a0\u00bb0&Prime;]\n<h5 class=\"project-description-title\">DESCRIPTION DU PROJET<\/h5>\n<p>Dans le cadre d\u2019un projet cl\u00e9 en main \u00e0 co\u00fbts major\u00e9s, TEKNEMA a \u00e9t\u00e9 mandat\u00e9 pour g\u00e9rer et coordonner le projet d\u2019am\u00e9nagement de:<\/p>\n<ul class=\"services\" style=\"margin-top: -20px;\">\n<li>Un espace de bureaux<\/li>\n<li>Une cuisinette<\/li>\n<li>Une salle de serveurs avec plancher antistatique<\/li>\n<li>Une salle d\u2019entreposage avec \u00e9tag\u00e8res en m\u00e9tal<\/li>\n<\/ul>\n<p>La coordination entre les besoins du client (locataire) et de son propri\u00e9taire \u00e9tait primordiale. TEKNEMA a m\u00eame obtenu des mandats suppl\u00e9mentaires en cours de projet pour \u00e9tendre l\u2019\u00e9tendue des travaux.<\/p>\n<h5 class=\"project-description-title\">SERVICES RENDUS PAR TEKNEMA<\/h5>\n<p><strong>PHASE DE PRE-CONSTRUCTION\u00a0<\/strong><\/p>\n<ul class=\"services\" style=\"margin-top: -20px;\">\n<li>\u00c9laboration du budget et de l\u2019\u00e9ch\u00e9ancier de construction<\/li>\n<li>Coordination des professionnels<\/li>\n<\/ul>\n<p id=\"tw-target-text\" class=\"tw-data-text tw-text-large tw-ta\" dir=\"ltr\" data-placeholder=\"Translation\"><span class=\"Y2IQFc\" lang=\"en\"><strong>COORDINATION DES APPELS D&rsquo;OFFRES<\/strong><\/span><\/p>\n<ul class=\"services\" style=\"margin-top: -20px;\">\n<li>Pr\u00e9paration des dossiers d\u2019appels d\u2019offres<\/li>\n<li>Anticipation des d\u00e9lais de livraison des mat\u00e9riaux et des \u00e9quipements<\/li>\n<li>Pr\u00e9paration des dossiers de pr\u00e9achats d\u2019\u00e9quipements<\/li>\n<li>Pr\u00e9s\u00e9lection des entrepreneurs et des fournisseurs<\/li>\n<li>Analyse des offres et octroi des contrats<\/li>\n<\/ul>\n<p><strong>GESTION DE CONSTRUCTION<\/strong><\/p>\n<ul class=\"services\" style=\"margin-top: -20px;\">\n<li>Gestion du budget et de l\u2019\u00e9ch\u00e9ancier<\/li>\n<li>Administration des contrats de construction<\/li>\n<li>Gestion documentaire<\/li>\n<li>Gestion des sous-traitants et suivi d\u2019avancement des travaux<\/li>\n<li>Contr\u00f4le de la qualit\u00e9 de pose des mat\u00e9riaux et de l\u2019ex\u00e9cution de la main d\u2019\u0153uvre<\/li>\n<li>Supervision et coordination des travaux jusqu\u2019\u00e0 la mise en service<\/li>\n<\/ul>\n<p><strong>SANT\u00c9 ET S\u00c9CURIT\u00c9<\/strong><br \/>\nL\u2019\u00e9quipe TEKNEMA s\u2019est assur\u00e9e que les mesures pour pr\u00e9server la Sant\u00e9 et la S\u00e9curit\u00e9 du personnel et des installations aient \u00e9t\u00e9 mises en place pendant le projet.[\/vc_column_text][\/vc_column][\/vc_row]\n","protected":false},"excerpt":{"rendered":"<p>[vc_row full_width=\u00a0\u00bbstretch_row_content\u00a0\u00bb gap=\u00a0\u00bb0&Prime; equal_height=\u00a0\u00bbyes\u00a0\u00bb animated_bg_dir=\u00a0\u00bbvertical\u00a0\u00bb element_id=\u00a0\u00bb596648&Prime; element_css=\u00a0\u00bb.vc-row-596648 .animated-container {background-image:url(https:\/\/www.teknema.com\/wp-content\/uploads\/2022\/09\/amenagement-prometic-01.jpg);}.vc-row-596648 .curtain-gradient {background:linear-gradient(55deg, transparent 6%, rgba(241,187,56,0.85) 20%);}\u00a0\u00bb grid_overlay=\u00a0\u00bbwhite\u00a0\u00bb curtain_gradient_position=\u00a0\u00bbright\u00a0\u00bb animated_bg=\u00a0\u00bbtrue\u00a0\u00bb curtain_gradient=\u00a0\u00bbtrue\u00a0\u00bb css=\u00a0\u00bb.vc_custom_1670351647767{padding-top: 0px !important;padding-bottom: 72px !important;background-color: #212121 !important;background-position: center !important;background-repeat: no-repeat !important;background-size: cover !important;}\u00a0\u00bb curtain_gradient_color=\u00a0\u00bbrgba(241,187,56,0.85)\u00a0\u00bb animated_bg_image=\u00a0\u00bb19845&Prime;][vc_column animation_delay=\u00a0\u00bb0&Prime; width=\u00a0\u00bb2\/5&Prime; element_id=\u00a0\u00bb83119&Prime; offset=\u00a0\u00bbvc_col-lg-6 vc_col-md-6 vc_col-xs-12&Prime; crp=\u00a0\u00bb480:i:i,480-768:i:i,768-1024:i:i,1024-1280:i:i,1280-1366:i:i,1366-1600:i:i,1600-1920:i:i\u00a0\u00bb][\/vc_column][vc_column animation_delay=\u00a0\u00bb600&Prime; css_animation=\u00a0\u00bbright-to-left\u00a0\u00bb width=\u00a0\u00bb3\/5&Prime; element_id=\u00a0\u00bb858870&Prime; crp=\u00a0\u00bb480:i:i,480-768:i:i,768-1024:i:i,1024-1280:i:i,1280-1366:i:i,1366-1600:i:i,1600-1920:i:i\u00a0\u00bb offset=\u00a0\u00bbvc_col-lg-6 vc_col-md-6 vc_col-xs-12&Prime;][\/vc_column][\/vc_row][vc_row element_id=\u00a0\u00bb191140&Prime; css=\u00a0\u00bb.vc_custom_1664390494670{padding-top: 40px !important;padding-bottom: 40px !important;}\u00a0\u00bb][vc_column][vc_column_text [&hellip;]<\/p>\n","protected":false},"author":8,"featured_media":0,"parent":0,"menu_order":52,"comment_status":"closed","ping_status":"closed","template":"page-vc.php","meta":{"inline_featured_image":false,"footnotes":""},"class_list":["post-19855","page","type-page","status-publish","hentry"],"_links":{"self":[{"href":"https:\/\/www.teknema.com\/fr\/wp-json\/wp\/v2\/pages\/19855"}],"collection":[{"href":"https:\/\/www.teknema.com\/fr\/wp-json\/wp\/v2\/pages"}],"about":[{"href":"https:\/\/www.teknema.com\/fr\/wp-json\/wp\/v2\/types\/page"}],"author":[{"embeddable":true,"href":"https:\/\/www.teknema.com\/fr\/wp-json\/wp\/v2\/users\/8"}],"replies":[{"embeddable":true,"href":"https:\/\/www.teknema.com\/fr\/wp-json\/wp\/v2\/comments?post=19855"}],"version-history":[{"count":11,"href":"https:\/\/www.teknema.com\/fr\/wp-json\/wp\/v2\/pages\/19855\/revisions"}],"predecessor-version":[{"id":20304,"href":"https:\/\/www.teknema.com\/fr\/wp-json\/wp\/v2\/pages\/19855\/revisions\/20304"}],"wp:attachment":[{"href":"https:\/\/www.teknema.com\/fr\/wp-json\/wp\/v2\/media?parent=19855"}],"curies":[{"name":"wp","href":"https:\/\/api.w.org\/{rel}","templated":true}]}}