{"id":19832,"date":"2022-12-05T17:02:04","date_gmt":"2022-12-05T22:02:04","guid":{"rendered":"https:\/\/www.teknema.com\/?page_id=19832"},"modified":"2024-09-29T20:56:56","modified_gmt":"2024-09-30T00:56:56","slug":"installation-nouveau-revetement-mural-soudes","status":"publish","type":"page","link":"https:\/\/www.teknema.com\/fr\/installation-nouveau-revetement-mural-soudes\/","title":{"rendered":"Installation nouveau rev\u00eatement de surface Takiron soud\u00e9s (cPVC)"},"content":{"rendered":"[vc_row full_width=\u00a0\u00bbstretch_row_content\u00a0\u00bb gap=\u00a0\u00bb0&Prime; equal_height=\u00a0\u00bbyes\u00a0\u00bb element_id=\u00a0\u00bb216351&Prime; element_css=\u00a0\u00bb.vc-row-216351 .animated-container {background-image:url(https:\/\/www.teknema.com\/wp-content\/uploads\/2022\/09\/takiron-cPVC-01-1.jpg);}.vc-row-216351 .curtain-gradient {background:linear-gradient(55deg, transparent 6%, rgba(241,187,56,0.85) 20%);}\u00a0\u00bb grid_overlay=\u00a0\u00bbwhite\u00a0\u00bb curtain_gradient_position=\u00a0\u00bbright\u00a0\u00bb animated_bg=\u00a0\u00bbtrue\u00a0\u00bb curtain_gradient=\u00a0\u00bbtrue\u00a0\u00bb css=\u00a0\u00bb.vc_custom_1670278571054{padding-top: 0px !important;padding-bottom: 72px !important;background-color: #212121 !important;background-position: center !important;background-repeat: no-repeat !important;background-size: cover !important;}\u00a0\u00bb curtain_gradient_color=\u00a0\u00bbrgba(241,187,56,0.85)\u00a0\u00bb animated_bg_image=\u00a0\u00bb19830&Prime;][vc_column animation_delay=\u00a0\u00bb0&Prime; width=\u00a0\u00bb2\/5&Prime; element_id=\u00a0\u00bb83119&Prime; offset=\u00a0\u00bbvc_col-lg-6 vc_col-md-6 vc_col-xs-12&Prime; crp=\u00a0\u00bb480:i:i,480-768:i:i,768-1024:i:i,1024-1280:i:i,1280-1366:i:i,1366-1600:i:i,1600-1920:i:i\u00a0\u00bb][\/vc_column][vc_column animation_delay=\u00a0\u00bb600&Prime; css_animation=\u00a0\u00bbright-to-left\u00a0\u00bb width=\u00a0\u00bb3\/5&Prime; element_id=\u00a0\u00bb858870&Prime; crp=\u00a0\u00bb480:i:i,480-768:i:i,768-1024:i:i,1024-1280:i:i,1280-1366:i:i,1366-1600:i:i,1600-1920:i:i\u00a0\u00bb offset=\u00a0\u00bbvc_col-lg-6 vc_col-md-6 vc_col-xs-12&Prime;]<span class=\"et-gap et-clearfix et-gap-287867\"><\/span><h1 class=\"et-heading text-align-left tablet-text-align-inherit mobile-text-align-inherit animate-false no-animation-type\" id=\"et-heading-914768\" data-delay=\"0\" data-mobile-font=\"inherit\" data-mobile-line-height=\"inherit\" data-tablet-landscape-font=\"inherit\" data-tablet-portrait-font=\"inherit\" data-tablet-landscape-line-height=\"inherit\" data-tablet-portrait-line-height=\"inherit\" data-parallax=\"false\" data-move=\"false\" data-coordinatex=\"0\" data-coordinatey=\"0\" data-speed=\"10\"><span class=\"text-wrapper\"><span class=\"text\">Secteur Pharmaceutique<\/span><\/span><\/h1><p class=\"et-heading text-align-left tablet-text-align-inherit mobile-text-align-inherit animate-false no-animation-type\" id=\"et-heading-776389\" data-delay=\"0\" data-mobile-font=\"inherit\" data-mobile-line-height=\"inherit\" data-tablet-landscape-font=\"inherit\" data-tablet-portrait-font=\"inherit\" data-tablet-landscape-line-height=\"inherit\" data-tablet-portrait-line-height=\"inherit\" data-parallax=\"false\" data-move=\"false\" data-coordinatex=\"0\" data-coordinatey=\"0\" data-speed=\"10\"><span class=\"text-wrapper\"><span class=\"text\">Installation nouveau rev\u00eatement de surface mural soud\u00e9 (cPVC)<\/span><\/span><\/p><span class=\"et-gap et-clearfix et-gap-348193\"><\/span>[\/vc_column][\/vc_row][vc_row element_id=\u00a0\u00bb191140&Prime; css=\u00a0\u00bb.vc_custom_1664390494670{padding-top: 40px !important;padding-bottom: 40px !important;}\u00a0\u00bb][vc_column][vc_column_text animation_delay=\u00a0\u00bb0&Prime;]\n<h5 class=\"project-description-title\">DESCRIPTION DU PROJET<\/h5>\n<p>Dans le cadre d&rsquo;un contrat cl\u00e9 en main \u00e0 co\u00fbts major\u00e9s, TEKNEMA a particip\u00e9 et supervis\u00e9 :<\/p>\n<ul class=\"services\" style=\"margin-top: -20px;\">\n<li>D\u00e9montage et r\u00e9installation de tous les utilit\u00e9s<\/li>\n<li>Pr\u00e9paration de toutes les surfaces<\/li>\n<li>Installation de Takiron (cPVC) sur tous les murs et plafonds<\/li>\n<li>1850 pieds carr\u00e9s de plafonds<\/li>\n<li>1800 pieds carr\u00e9s de murs<\/li>\n<li>Finition et r\u00e9installation des Services<\/li>\n<\/ul>\n<p>Les travaux se sont d\u00e9roul\u00e9s lors d\u2019un arr\u00eat de production de 2 semaines en respectant le budget et l\u2019\u00e9ch\u00e9ancier.<\/p>\n<h5 class=\"project-description-title\">SERVICES RENDUS PAR TEKNEMA<\/h5>\n<p><strong>PHASE DE PRE-CONSTRUCTION<\/strong><\/p>\n<ul class=\"services\" style=\"margin-top: -20px;\">\n<li>\u00c9laboration du budget<\/li>\n<li>\u00c9laboration de la c\u00e9dule de construction<\/li>\n<li>\u00c9valuation du plan d&rsquo;ex\u00e9cution<\/li>\n<li>Offre de service cl\u00e9 en main budg\u00e9taire<\/li>\n<li>Organisation logistique et aide \u00e0 la prise de d\u00e9cisions<\/li>\n<\/ul>\n<p><strong>COORDINATION DES APPELS D&rsquo;OFFRES<\/strong><\/p>\n<ul class=\"services\" style=\"margin-top: -20px;\">\n<li>Pr\u00e9paration des dossiers d\u2019appels d\u2019offres aux entreprises<\/li>\n<li>Anticipation des d\u00e9lais de livraison des mat\u00e9riaux<\/li>\n<li>Analyse des offres, octroi des contrats et conseil sur le mode contractuel<\/li>\n<\/ul>\n<p><strong>GESTION DE CONSTRUCTION<\/strong><\/p>\n<ul class=\"services\" style=\"margin-top: -20px;\">\n<li>Gestion du budget, de l&rsquo;\u00e9ch\u00e9ancier de construction et des sous-traitants<\/li>\n<li>Contr\u00f4le de la qualit\u00e9 de pose des mat\u00e9riaux et de l\u2019ex\u00e9cution de la main d\u2019oeuvre<\/li>\n<li>Supervision et coordination des travaux jusqu\u2019\u00e0 la mise en service<\/li>\n<\/ul>\n<p><strong>MISE EN SERVICE<\/strong><\/p>\n<ul class=\"services\" style=\"margin-top: -20px;\">\n<li>V\u00e9rification de la conformit\u00e9 des installations<\/li>\n<li>V\u00e9rification documentaire<\/li>\n<li>Coordination pour la formation du personnel d\u2019op\u00e9ration et de maintenance avec le fournisseur<\/li>\n<\/ul>\n<p><strong>SANT\u00c9 ET S\u00c9CURIT\u00c9<\/strong><br \/>\nL\u2019\u00e9quipe TEKNEMA s\u2019est assur\u00e9e que les mesures pour pr\u00e9server la Sant\u00e9 et la S\u00e9curit\u00e9 du personnel et des installations aient \u00e9t\u00e9 mises en place pendant le projet.[\/vc_column_text][\/vc_column][\/vc_row]\n","protected":false},"excerpt":{"rendered":"<p>[vc_row full_width=\u00a0\u00bbstretch_row_content\u00a0\u00bb gap=\u00a0\u00bb0&Prime; equal_height=\u00a0\u00bbyes\u00a0\u00bb element_id=\u00a0\u00bb216351&Prime; element_css=\u00a0\u00bb.vc-row-216351 .animated-container {background-image:url(https:\/\/www.teknema.com\/wp-content\/uploads\/2022\/09\/takiron-cPVC-01-1.jpg);}.vc-row-216351 .curtain-gradient {background:linear-gradient(55deg, transparent 6%, rgba(241,187,56,0.85) 20%);}\u00a0\u00bb grid_overlay=\u00a0\u00bbwhite\u00a0\u00bb curtain_gradient_position=\u00a0\u00bbright\u00a0\u00bb animated_bg=\u00a0\u00bbtrue\u00a0\u00bb curtain_gradient=\u00a0\u00bbtrue\u00a0\u00bb css=\u00a0\u00bb.vc_custom_1670278571054{padding-top: 0px !important;padding-bottom: 72px !important;background-color: #212121 !important;background-position: center !important;background-repeat: no-repeat !important;background-size: cover !important;}\u00a0\u00bb curtain_gradient_color=\u00a0\u00bbrgba(241,187,56,0.85)\u00a0\u00bb animated_bg_image=\u00a0\u00bb19830&Prime;][vc_column animation_delay=\u00a0\u00bb0&Prime; width=\u00a0\u00bb2\/5&Prime; element_id=\u00a0\u00bb83119&Prime; offset=\u00a0\u00bbvc_col-lg-6 vc_col-md-6 vc_col-xs-12&Prime; crp=\u00a0\u00bb480:i:i,480-768:i:i,768-1024:i:i,1024-1280:i:i,1280-1366:i:i,1366-1600:i:i,1600-1920:i:i\u00a0\u00bb][\/vc_column][vc_column animation_delay=\u00a0\u00bb600&Prime; css_animation=\u00a0\u00bbright-to-left\u00a0\u00bb width=\u00a0\u00bb3\/5&Prime; element_id=\u00a0\u00bb858870&Prime; crp=\u00a0\u00bb480:i:i,480-768:i:i,768-1024:i:i,1024-1280:i:i,1280-1366:i:i,1366-1600:i:i,1600-1920:i:i\u00a0\u00bb offset=\u00a0\u00bbvc_col-lg-6 vc_col-md-6 vc_col-xs-12&Prime;][\/vc_column][\/vc_row][vc_row element_id=\u00a0\u00bb191140&Prime; css=\u00a0\u00bb.vc_custom_1664390494670{padding-top: 40px !important;padding-bottom: 40px !important;}\u00a0\u00bb][vc_column][vc_column_text animation_delay=\u00a0\u00bb0&Prime;] [&hellip;]<\/p>\n","protected":false},"author":8,"featured_media":0,"parent":0,"menu_order":52,"comment_status":"closed","ping_status":"closed","template":"page-vc.php","meta":{"inline_featured_image":false,"footnotes":""},"class_list":["post-19832","page","type-page","status-publish","hentry"],"_links":{"self":[{"href":"https:\/\/www.teknema.com\/fr\/wp-json\/wp\/v2\/pages\/19832"}],"collection":[{"href":"https:\/\/www.teknema.com\/fr\/wp-json\/wp\/v2\/pages"}],"about":[{"href":"https:\/\/www.teknema.com\/fr\/wp-json\/wp\/v2\/types\/page"}],"author":[{"embeddable":true,"href":"https:\/\/www.teknema.com\/fr\/wp-json\/wp\/v2\/users\/8"}],"replies":[{"embeddable":true,"href":"https:\/\/www.teknema.com\/fr\/wp-json\/wp\/v2\/comments?post=19832"}],"version-history":[{"count":13,"href":"https:\/\/www.teknema.com\/fr\/wp-json\/wp\/v2\/pages\/19832\/revisions"}],"predecessor-version":[{"id":20313,"href":"https:\/\/www.teknema.com\/fr\/wp-json\/wp\/v2\/pages\/19832\/revisions\/20313"}],"wp:attachment":[{"href":"https:\/\/www.teknema.com\/fr\/wp-json\/wp\/v2\/media?parent=19832"}],"curies":[{"name":"wp","href":"https:\/\/api.w.org\/{rel}","templated":true}]}}