{"id":19544,"date":"2022-09-28T15:39:50","date_gmt":"2022-09-28T19:39:50","guid":{"rendered":"https:\/\/www.teknema.com\/?page_id=19544"},"modified":"2024-09-29T18:27:35","modified_gmt":"2024-09-29T22:27:35","slug":"remplacement-dun-refroidisseur","status":"publish","type":"page","link":"https:\/\/www.teknema.com\/fr\/remplacement-dun-refroidisseur\/","title":{"rendered":"Remplacement d&rsquo;un refroidisseur"},"content":{"rendered":"[vc_row full_width=\u00a0\u00bbstretch_row_content\u00a0\u00bb gap=\u00a0\u00bb0&Prime; equal_height=\u00a0\u00bbyes\u00a0\u00bb animated_bg_dir=\u00a0\u00bbvertical\u00a0\u00bb element_id=\u00a0\u00bb995092&Prime; element_css=\u00a0\u00bb.vc-row-995092 .animated-container {background-image:url(https:\/\/www.teknema.com\/wp-content\/uploads\/2022\/10\/01.jpg);}.vc-row-995092 .curtain-gradient {background:linear-gradient(55deg, transparent 6%, rgba(241,187,56,0.85) 20%);}\u00a0\u00bb grid_overlay=\u00a0\u00bbwhite\u00a0\u00bb curtain_gradient_position=\u00a0\u00bbright\u00a0\u00bb animated_bg=\u00a0\u00bbtrue\u00a0\u00bb curtain_gradient=\u00a0\u00bbtrue\u00a0\u00bb css=\u00a0\u00bb.vc_custom_1668788414651{padding-top: 0px !important;padding-bottom: 72px !important;background-color: #212121 !important;background-position: center !important;background-repeat: no-repeat !important;background-size: cover !important;}\u00a0\u00bb curtain_gradient_color=\u00a0\u00bbrgba(241,187,56,0.85)\u00a0\u00bb animated_bg_image=\u00a0\u00bb19629&Prime;][vc_column animation_delay=\u00a0\u00bb0&Prime; width=\u00a0\u00bb2\/5&Prime; element_id=\u00a0\u00bb83119&Prime; offset=\u00a0\u00bbvc_col-lg-6 vc_col-md-6 vc_col-xs-12&Prime; crp=\u00a0\u00bb480:i:i,480-768:i:i,768-1024:i:i,1024-1280:i:i,1280-1366:i:i,1366-1600:i:i,1600-1920:i:i\u00a0\u00bb][\/vc_column][vc_column animation_delay=\u00a0\u00bb600&Prime; css_animation=\u00a0\u00bbright-to-left\u00a0\u00bb width=\u00a0\u00bb3\/5&Prime; element_id=\u00a0\u00bb858870&Prime; crp=\u00a0\u00bb480:i:i,480-768:i:i,768-1024:i:i,1024-1280:i:i,1280-1366:i:i,1366-1600:i:i,1600-1920:i:i\u00a0\u00bb offset=\u00a0\u00bbvc_col-lg-6 vc_col-md-6 vc_col-xs-12&Prime;]<span class=\"et-gap et-clearfix et-gap-287867\"><\/span><h1 class=\"et-heading text-align-left tablet-text-align-inherit mobile-text-align-inherit animate-false no-animation-type\" id=\"et-heading-247476\" data-delay=\"0\" data-mobile-font=\"inherit\" data-mobile-line-height=\"inherit\" data-tablet-landscape-font=\"inherit\" data-tablet-portrait-font=\"inherit\" data-tablet-landscape-line-height=\"inherit\" data-tablet-portrait-line-height=\"inherit\" data-parallax=\"false\" data-move=\"false\" data-coordinatex=\"0\" data-coordinatey=\"0\" data-speed=\"10\"><span class=\"text-wrapper\"><span class=\"text\">Secteur Pharmaceutique<\/span><\/span><\/h1><p class=\"et-heading text-align-left tablet-text-align-inherit mobile-text-align-inherit animate-false no-animation-type\" id=\"et-heading-800649\" data-delay=\"0\" data-mobile-font=\"inherit\" data-mobile-line-height=\"inherit\" data-tablet-landscape-font=\"inherit\" data-tablet-portrait-font=\"inherit\" data-tablet-landscape-line-height=\"inherit\" data-tablet-portrait-line-height=\"inherit\" data-parallax=\"false\" data-move=\"false\" data-coordinatex=\"0\" data-coordinatey=\"0\" data-speed=\"10\"><span class=\"text-wrapper\"><span class=\"text\">Remplacement d&rsquo;un refroidisseur<\/span><\/span><\/p><span class=\"et-gap et-clearfix et-gap-348193\"><\/span>[\/vc_column][\/vc_row][vc_row element_id=\u00a0\u00bb191140&Prime; css=\u00a0\u00bb.vc_custom_1664390494670{padding-top: 40px !important;padding-bottom: 40px !important;}\u00a0\u00bb][vc_column][vc_column_text animation_delay=\u00a0\u00bb0&Prime;]\n<h5 class=\"project-description-title\">DESCRIPTION DU PROJET<\/h5>\n<p>Dans le cadre d\u2019un remplacement d\u2019un refroidisseur dans une usine pharmaceutique, TEKNEMA \u00e9tait responsable du pr\u00e9achat de l\u2019unit\u00e9, de la gestion des contrats, de l\u2019installation et de la mise en service.<\/p>\n<p>Ces travaux ont \u00e9t\u00e9 r\u00e9alis\u00e9s en synergie avec Laporte experts conseils qui s\u2019\u00e9tait vue confier le mandat d\u2019ing\u00e9nierie afin d\u2019\u00e9laborer des plans et devis pour remplacer le refroidisseur et pour modifier le fonctionnement du r\u00e9seau d\u2019eau refroidie. Les modifications ont permis de fournir un meilleur contr\u00f4le du syst\u00e8me de refroidisseur de l\u2019usine.<\/p>\n<hr \/>\n<p>Installation et raccordement d\u2019\u00e9quipements de production \u2013 Services m\u00e9caniques et centrales thermiques (eau refroidie) \u2013 Services \u00e9lectriques basse tension.<\/p>\n<p>Installation et raccordement d\u2019instruments de supervision \u2013 Configuration d\u2019\u00e9quipement de contr\u00f4le \u2013 Syst\u00e8me de contr\u00f4le central \u2013 Programmation des s\u00e9quences de contr\u00f4le.<\/p>\n<h5 class=\"project-description-title\">SERVICES RENDUS PAR TEKNEMA<\/h5>\n<p><strong>PHASE DE PRECONSTRUCTION<\/strong><\/p>\n<ul class=\"services\" style=\"margin-top: -20px;\">\n<li>\u00c9laboration, contr\u00f4le et mise \u00e0 jour de l\u2019\u00e9ch\u00e9ancier de construction et du budget des travaux<\/li>\n<li>\u00c9valuation du plan d\u2019ex\u00e9cution<\/li>\n<li>Pr\u00e9paration de la mobilisation des professionnels<\/li>\n<li>Organisation logistique<\/li>\n<\/ul>\n<p><strong>GESTION DE CONSTRUCTION<\/strong><\/p>\n<ul class=\"services\" style=\"margin-top: -20px;\">\n<li>Pr\u00e9paration des dossiers d\u2019appels d\u2019offres de pr\u00e9achats<\/li>\n<li>Suivi des dossiers de soumissions<\/li>\n<li>Pr\u00e9s\u00e9lection des entrepreneurs et des fournisseurs<\/li>\n<li>Octroi des contrats<\/li>\n<\/ul>\n<p><strong>CONSTRUCTION MANAGEMENT<\/strong><\/p>\n<ul class=\"services\" style=\"margin-top: -20px;\">\n<li>Contr\u00f4le du budget, de la comptabilit\u00e9 du projet et de l\u2019\u00e9ch\u00e9ancier de construction<\/li>\n<li>Administration des contrats de construction<\/li>\n<li>Gestion documentaire<\/li>\n<li>Gestion et suivi de chantier<\/li>\n<li>Planification, supervision et coordination des travaux<\/li>\n<\/ul>\n<p><strong>MISE EN SERVICE<\/strong><\/p>\n<ul class=\"services\" style=\"margin-top: -20px;\">\n<li>V\u00e9rification des installations de contr\u00f4le<\/li>\n<li>Ex\u00e9cution des s\u00e9quences de production<\/li>\n<li>Formation des op\u00e9rateurs et support au d\u00e9marrage<\/li>\n<\/ul>\n<p><strong>SANT\u00c9 ET S\u00c9CURIT\u00c9<\/strong><br \/>\nL\u2019\u00e9quipe TEKNEMA s\u2019est assur\u00e9e que les mesures pour pr\u00e9server la Sant\u00e9 et la S\u00e9curit\u00e9 du personnel et des installations aient \u00e9t\u00e9 mises en place pendant le projet.[\/vc_column_text][\/vc_column][\/vc_row]\n","protected":false},"excerpt":{"rendered":"<p>[vc_row full_width=\u00a0\u00bbstretch_row_content\u00a0\u00bb gap=\u00a0\u00bb0&Prime; equal_height=\u00a0\u00bbyes\u00a0\u00bb animated_bg_dir=\u00a0\u00bbvertical\u00a0\u00bb element_id=\u00a0\u00bb995092&Prime; element_css=\u00a0\u00bb.vc-row-995092 .animated-container {background-image:url(https:\/\/www.teknema.com\/wp-content\/uploads\/2022\/10\/01.jpg);}.vc-row-995092 .curtain-gradient {background:linear-gradient(55deg, transparent 6%, rgba(241,187,56,0.85) 20%);}\u00a0\u00bb grid_overlay=\u00a0\u00bbwhite\u00a0\u00bb curtain_gradient_position=\u00a0\u00bbright\u00a0\u00bb animated_bg=\u00a0\u00bbtrue\u00a0\u00bb curtain_gradient=\u00a0\u00bbtrue\u00a0\u00bb css=\u00a0\u00bb.vc_custom_1668788414651{padding-top: 0px !important;padding-bottom: 72px !important;background-color: #212121 !important;background-position: center !important;background-repeat: no-repeat !important;background-size: cover !important;}\u00a0\u00bb curtain_gradient_color=\u00a0\u00bbrgba(241,187,56,0.85)\u00a0\u00bb animated_bg_image=\u00a0\u00bb19629&Prime;][vc_column animation_delay=\u00a0\u00bb0&Prime; width=\u00a0\u00bb2\/5&Prime; element_id=\u00a0\u00bb83119&Prime; offset=\u00a0\u00bbvc_col-lg-6 vc_col-md-6 vc_col-xs-12&Prime; crp=\u00a0\u00bb480:i:i,480-768:i:i,768-1024:i:i,1024-1280:i:i,1280-1366:i:i,1366-1600:i:i,1600-1920:i:i\u00a0\u00bb][\/vc_column][vc_column animation_delay=\u00a0\u00bb600&Prime; css_animation=\u00a0\u00bbright-to-left\u00a0\u00bb width=\u00a0\u00bb3\/5&Prime; element_id=\u00a0\u00bb858870&Prime; crp=\u00a0\u00bb480:i:i,480-768:i:i,768-1024:i:i,1024-1280:i:i,1280-1366:i:i,1366-1600:i:i,1600-1920:i:i\u00a0\u00bb offset=\u00a0\u00bbvc_col-lg-6 vc_col-md-6 vc_col-xs-12&Prime;][\/vc_column][\/vc_row][vc_row element_id=\u00a0\u00bb191140&Prime; css=\u00a0\u00bb.vc_custom_1664390494670{padding-top: 40px !important;padding-bottom: 40px !important;}\u00a0\u00bb][vc_column][vc_column_text [&hellip;]<\/p>\n","protected":false},"author":1,"featured_media":0,"parent":0,"menu_order":52,"comment_status":"closed","ping_status":"closed","template":"page-vc.php","meta":{"inline_featured_image":false,"footnotes":""},"class_list":["post-19544","page","type-page","status-publish","hentry"],"_links":{"self":[{"href":"https:\/\/www.teknema.com\/fr\/wp-json\/wp\/v2\/pages\/19544"}],"collection":[{"href":"https:\/\/www.teknema.com\/fr\/wp-json\/wp\/v2\/pages"}],"about":[{"href":"https:\/\/www.teknema.com\/fr\/wp-json\/wp\/v2\/types\/page"}],"author":[{"embeddable":true,"href":"https:\/\/www.teknema.com\/fr\/wp-json\/wp\/v2\/users\/1"}],"replies":[{"embeddable":true,"href":"https:\/\/www.teknema.com\/fr\/wp-json\/wp\/v2\/comments?post=19544"}],"version-history":[{"count":12,"href":"https:\/\/www.teknema.com\/fr\/wp-json\/wp\/v2\/pages\/19544\/revisions"}],"predecessor-version":[{"id":20288,"href":"https:\/\/www.teknema.com\/fr\/wp-json\/wp\/v2\/pages\/19544\/revisions\/20288"}],"wp:attachment":[{"href":"https:\/\/www.teknema.com\/fr\/wp-json\/wp\/v2\/media?parent=19544"}],"curies":[{"name":"wp","href":"https:\/\/api.w.org\/{rel}","templated":true}]}}