{"id":19486,"date":"2022-09-06T16:03:20","date_gmt":"2022-09-06T20:03:20","guid":{"rendered":"https:\/\/www.teknema.com\/?page_id=19486"},"modified":"2024-10-05T13:01:09","modified_gmt":"2024-10-05T17:01:09","slug":"services","status":"publish","type":"page","link":"https:\/\/www.teknema.com\/fr\/services\/","title":{"rendered":"Services"},"content":{"rendered":"[vc_row full_width=\u00a0\u00bbstretch_row_content\u00a0\u00bb element_id=\u00a0\u00bb5568&Prime;][vc_column][vc_column_text animation_delay=\u00a0\u00bb0&Prime;]TEKNEMA se distingue en mati\u00e8re de gestion de la construction par son exp\u00e9rience \u00e9prouv\u00e9e dans les domaines suivants :<\/p>\n<ul class=\"services\" style=\"margin-top: -20px;\">\n<li>Proc\u00e9d\u00e9s agroalimentaires<\/li>\n<li>Proc\u00e9d\u00e9s pharmaceutiques<\/li>\n<li>Bioindustriels<\/li>\n<li>Automatisation<\/li>\n<li>Remplissage et conditionnement<\/li>\n<li>Salles propres<\/li>\n<li>\u00c9lectricit\u00e9<\/li>\n<li>M\u00e9canique du b\u00e2timent<\/li>\n<li>Structure<\/li>\n<li>G\u00e9nie civil<\/li>\n<li>Surveillance de chantier<\/li>\n<\/ul>\n<p>Dans le cadre de solutions cl\u00e9 en main, TEKNEMA offre \u00e9galement de sous-traiter et de coordonner la conception de vos projets avec des firmes d\u2019ing\u00e9nierie reconnues. Vous pourrez, ainsi, b\u00e9n\u00e9ficier de services complets et distinctifs en gestion de construction et de professionnels complets pour tous vos projets.[\/vc_column_text][vc_empty_space][\/vc_column][\/vc_row][vc_row full_width=\u00a0\u00bbstretch_row_content\u00a0\u00bb element_id=\u00a0\u00bb449921&Prime;][vc_column width=\u00a0\u00bb1\/3&Prime;][vc_single_image image=\u00a0\u00bb19135&Prime; img_size=\u00a0\u00bbfull\u00a0\u00bb alignment=\u00a0\u00bbcenter\u00a0\u00bb]<span class=\"et-gap et-clearfix et-gap-381755\"><\/span><h1 class=\"et-heading text-align-left tablet-text-align-inherit mobile-text-align-inherit animate-false no-animation-type\" id=\"et-heading-550307\" data-delay=\"0\" data-mobile-font=\"inherit\" data-mobile-line-height=\"inherit\" data-tablet-landscape-font=\"inherit\" data-tablet-portrait-font=\"inherit\" data-tablet-landscape-line-height=\"inherit\" data-tablet-portrait-line-height=\"inherit\" data-parallax=\"false\" data-move=\"false\" data-coordinatex=\"0\" data-coordinatey=\"0\" data-speed=\"10\"><span class=\"text-wrapper\"><span class=\"text\">Pr\u00e9-construction<\/span><\/span><\/h1><div class=\"et-separator et-clearfix animate-false solid left horizontal et-separator-197790\" data-delay=\"\"><div class=\"line\"><\/div><\/div>[vc_column_text animation_delay=\u00a0\u00bb0&Prime;]\n<ul class=\"services\">\n<li>\u00c9laboration, organisation et suivi du budget<\/li>\n<li>\u00c9laboration, organisation et mise \u00e0 jour de l&rsquo;\u00e9ch\u00e9ancier de construction<\/li>\n<li>\u00c9laboration, organisation et planification du phasage des travaux<\/li>\n<li>\u00c9valuation du plan d&rsquo;ex\u00e9cution<\/li>\n<li>Mobilisation et coordination des professionnels<\/li>\n<li>Organisation logistique et \u00e9laboration du plan de mobilisation<\/li>\n<\/ul>\n[\/vc_column_text]<span class=\"et-gap et-clearfix et-gap-381755\"><\/span>[\/vc_column][vc_column width=\u00a0\u00bb1\/3&Prime;][vc_single_image image=\u00a0\u00bb19127&Prime; img_size=\u00a0\u00bbfull\u00a0\u00bb alignment=\u00a0\u00bbcenter\u00a0\u00bb]<span class=\"et-gap et-clearfix et-gap-381755\"><\/span><h1 class=\"et-heading text-align-left tablet-text-align-inherit mobile-text-align-inherit animate-false no-animation-type\" id=\"et-heading-399428\" data-delay=\"0\" data-mobile-font=\"inherit\" data-mobile-line-height=\"inherit\" data-tablet-landscape-font=\"inherit\" data-tablet-portrait-font=\"inherit\" data-tablet-landscape-line-height=\"inherit\" data-tablet-portrait-line-height=\"inherit\" data-parallax=\"false\" data-move=\"false\" data-coordinatex=\"0\" data-coordinatey=\"0\" data-speed=\"10\"><span class=\"text-wrapper\"><span class=\"text\">Coordination des appels d&rsquo;offres<\/span><\/span><\/h1><div class=\"et-separator et-clearfix animate-false solid left horizontal et-separator-111430\" data-delay=\"\"><div class=\"line\"><\/div><\/div>[vc_column_text animation_delay=\u00a0\u00bb0&Prime;]\n<ul class=\"services\">\n<li>Pr\u00e9paration des dossiers d\u2019appel d\u2019offres aux entreprises<\/li>\n<li>Anticipation des d\u00e9lais de livraison des mat\u00e9riaux et des \u00e9quipements<\/li>\n<li>Pr\u00e9paration des dossiers de pr\u00e9achats d\u2019\u00e9quipements<\/li>\n<li>Pr\u00e9s\u00e9lection des entrepreneurs et des fournisseurs<\/li>\n<li>Suivi des dossiers d\u2019appel d\u2019offres et de pr\u00e9achats<\/li>\n<li>Analyse des offres, conseil sur le mode contractuel et octroi des contrats<\/li>\n<\/ul>\n[\/vc_column_text]<span class=\"et-gap et-clearfix et-gap-381755\"><\/span>[\/vc_column][vc_column width=\u00a0\u00bb1\/3&Prime;][vc_single_image image=\u00a0\u00bb19122&Prime; img_size=\u00a0\u00bbfull\u00a0\u00bb alignment=\u00a0\u00bbcenter\u00a0\u00bb]<span class=\"et-gap et-clearfix et-gap-381755\"><\/span><h1 class=\"et-heading text-align-left tablet-text-align-inherit mobile-text-align-inherit animate-false no-animation-type\" id=\"et-heading-604059\" data-delay=\"0\" data-mobile-font=\"inherit\" data-mobile-line-height=\"inherit\" data-tablet-landscape-font=\"inherit\" data-tablet-portrait-font=\"inherit\" data-tablet-landscape-line-height=\"inherit\" data-tablet-portrait-line-height=\"inherit\" data-parallax=\"false\" data-move=\"false\" data-coordinatex=\"0\" data-coordinatey=\"0\" data-speed=\"10\"><span class=\"text-wrapper\"><span class=\"text\">Gestion de construction<\/span><\/span><\/h1><div class=\"et-separator et-clearfix animate-false solid left horizontal et-separator-23504\" data-delay=\"\"><div class=\"line\"><\/div><\/div>[vc_column_text animation_delay=\u00a0\u00bb0&Prime;]\n<ul class=\"services\">\n<li>Gestion du budget<\/li>\n<li>Suivi de la comptabilit\u00e9 du projet<\/li>\n<li>Administration des contrats de construction<\/li>\n<li>Gestion documentaire<\/li>\n<li>Gestion de l\u2019\u00e9ch\u00e9ancier de construction<\/li>\n<li>Gestion des sous-traitants et suivi d\u2019avancement des travaux<\/li>\n<li>Contr\u00f4le des mat\u00e9riaux \u00e0 la r\u00e9ception<\/li>\n<li>Contr\u00f4le de la qualit\u00e9 des installations et de l\u2019ex\u00e9cution des travaux<\/li>\n<li>Planification, supervision et coordination des travaux jusqu\u2019\u00e0 la mise en service<\/li>\n<\/ul>\n[\/vc_column_text]<span class=\"et-gap et-clearfix et-gap-381755\"><\/span>[\/vc_column][\/vc_row][vc_row full_width=\u00a0\u00bbstretch_row_content\u00a0\u00bb element_id=\u00a0\u00bb31152&Prime;][vc_column width=\u00a0\u00bb1\/3&Prime;][vc_single_image image=\u00a0\u00bb19119&Prime; img_size=\u00a0\u00bbfull\u00a0\u00bb alignment=\u00a0\u00bbcenter\u00a0\u00bb]<span class=\"et-gap et-clearfix et-gap-381755\"><\/span><h1 class=\"et-heading text-align-left tablet-text-align-inherit mobile-text-align-inherit animate-false no-animation-type\" id=\"et-heading-494672\" data-delay=\"0\" data-mobile-font=\"inherit\" data-mobile-line-height=\"inherit\" data-tablet-landscape-font=\"inherit\" data-tablet-portrait-font=\"inherit\" data-tablet-landscape-line-height=\"inherit\" data-tablet-portrait-line-height=\"inherit\" data-parallax=\"false\" data-move=\"false\" data-coordinatex=\"0\" data-coordinatey=\"0\" data-speed=\"10\"><span class=\"text-wrapper\"><span class=\"text\">Mise en service<\/span><\/span><\/h1><div class=\"et-separator et-clearfix animate-false solid left horizontal et-separator-709015\" data-delay=\"\"><div class=\"line\"><\/div><\/div>[vc_column_text animation_delay=\u00a0\u00bb0&Prime;]\n<ul class=\"services\">\n<li>V\u00e9rification de la conformit\u00e9 des installations<\/li>\n<li>Alimentation, d\u00e9marrage, calibration et mise au point des r\u00e9seaux et des syst\u00e8mes avec le fournisseur<\/li>\n<li>V\u00e9rification des s\u00e9quences d\u2019op\u00e9ration et de contr\u00f4le<\/li>\n<li>V\u00e9rification documentaire<\/li>\n<li>Coordination pour la formation du personnel d\u2019op\u00e9ration et de maintenance avec le fournisseur<\/li>\n<\/ul>\n[\/vc_column_text]<span class=\"et-gap et-clearfix et-gap-381755\"><\/span>[\/vc_column][vc_column width=\u00a0\u00bb1\/3&Prime;][vc_single_image image=\u00a0\u00bb19132&Prime; img_size=\u00a0\u00bbfull\u00a0\u00bb alignment=\u00a0\u00bbcenter\u00a0\u00bb]<span class=\"et-gap et-clearfix et-gap-381755\"><\/span><h1 class=\"et-heading text-align-left tablet-text-align-inherit mobile-text-align-inherit animate-false no-animation-type\" id=\"et-heading-381663\" data-delay=\"0\" data-mobile-font=\"inherit\" data-mobile-line-height=\"inherit\" data-tablet-landscape-font=\"inherit\" data-tablet-portrait-font=\"inherit\" data-tablet-landscape-line-height=\"inherit\" data-tablet-portrait-line-height=\"inherit\" data-parallax=\"false\" data-move=\"false\" data-coordinatex=\"0\" data-coordinatey=\"0\" data-speed=\"10\"><span class=\"text-wrapper\"><span class=\"text\">Pr\u00eat de personnel<\/span><\/span><\/h1><div class=\"et-separator et-clearfix animate-false solid left horizontal et-separator-781248\" data-delay=\"\"><div class=\"line\"><\/div><\/div>[vc_column_text animation_delay=\u00a0\u00bb0&Prime;]TEKNEMA met \u00e0 votre disposition des ressources qualifi\u00e9es et exp\u00e9riment\u00e9es qui peuvent agir \u00e0 titre de superviseur &amp; de coordonnateur de maintenance, de charg\u00e9 de projets en maintenance &amp; en construction, de surintendant et de superviseur de chantier.[\/vc_column_text]<span class=\"et-gap et-clearfix et-gap-381755\"><\/span>[\/vc_column][vc_column width=\u00a0\u00bb1\/3&Prime;][vc_single_image image=\u00a0\u00bb19144&Prime; img_size=\u00a0\u00bbfull\u00a0\u00bb alignment=\u00a0\u00bbcenter\u00a0\u00bb]<span class=\"et-gap et-clearfix et-gap-381755\"><\/span><h1 class=\"et-heading text-align-left tablet-text-align-inherit mobile-text-align-inherit animate-false no-animation-type\" id=\"et-heading-166906\" data-delay=\"0\" data-mobile-font=\"inherit\" data-mobile-line-height=\"inherit\" data-tablet-landscape-font=\"inherit\" data-tablet-portrait-font=\"inherit\" data-tablet-landscape-line-height=\"inherit\" data-tablet-portrait-line-height=\"inherit\" data-parallax=\"false\" data-move=\"false\" data-coordinatex=\"0\" data-coordinatey=\"0\" data-speed=\"10\"><span class=\"text-wrapper\"><span class=\"text\">Sant\u00e9 et s\u00e9curit\u00e9<\/span><\/span><\/h1><div class=\"et-separator et-clearfix animate-false solid left horizontal et-separator-850368\" data-delay=\"\"><div class=\"line\"><\/div><\/div>[vc_column_text animation_delay=\u00a0\u00bb0&Prime;]TEKNEMA, expert en s\u00e9curit\u00e9, est l\u00e0 pour vous assister dans tous vos projets pour assurer la Sant\u00e9 et la S\u00e9curit\u00e9 de votre personnel et de vos installations.<\/p>\n<p>TEKNEMA int\u00e8gre l\u2019\u00e9valuation et la mitigation des risques en Sant\u00e9 et S\u00e9curit\u00e9 dans tous ses projets et \u00e0 ceux de Laporte.<\/p>\n<p>Les superviseurs de TEKNEMA ne sont pas des agents de s\u00e9curit\u00e9 accr\u00e9dit\u00e9s CNESST.[\/vc_column_text]<span class=\"et-gap et-clearfix et-gap-381755\"><\/span>[\/vc_column][\/vc_row]\n","protected":false},"excerpt":{"rendered":"<p>[vc_row full_width=\u00a0\u00bbstretch_row_content\u00a0\u00bb element_id=\u00a0\u00bb5568&Prime;][vc_column][vc_column_text animation_delay=\u00a0\u00bb0&Prime;]TEKNEMA se distingue en mati\u00e8re de gestion de la construction par son exp\u00e9rience \u00e9prouv\u00e9e dans les domaines suivants : Proc\u00e9d\u00e9s agroalimentaires Proc\u00e9d\u00e9s pharmaceutiques Bioindustriels Automatisation Remplissage et conditionnement Salles propres \u00c9lectricit\u00e9 M\u00e9canique du b\u00e2timent Structure G\u00e9nie civil Surveillance de chantier Dans le cadre de solutions cl\u00e9 en main, TEKNEMA offre \u00e9galement de [&hellip;]<\/p>\n","protected":false},"author":1,"featured_media":0,"parent":0,"menu_order":26,"comment_status":"closed","ping_status":"closed","template":"","meta":{"inline_featured_image":false,"footnotes":""},"class_list":["post-19486","page","type-page","status-publish","hentry"],"_links":{"self":[{"href":"https:\/\/www.teknema.com\/fr\/wp-json\/wp\/v2\/pages\/19486"}],"collection":[{"href":"https:\/\/www.teknema.com\/fr\/wp-json\/wp\/v2\/pages"}],"about":[{"href":"https:\/\/www.teknema.com\/fr\/wp-json\/wp\/v2\/types\/page"}],"author":[{"embeddable":true,"href":"https:\/\/www.teknema.com\/fr\/wp-json\/wp\/v2\/users\/1"}],"replies":[{"embeddable":true,"href":"https:\/\/www.teknema.com\/fr\/wp-json\/wp\/v2\/comments?post=19486"}],"version-history":[{"count":14,"href":"https:\/\/www.teknema.com\/fr\/wp-json\/wp\/v2\/pages\/19486\/revisions"}],"predecessor-version":[{"id":20363,"href":"https:\/\/www.teknema.com\/fr\/wp-json\/wp\/v2\/pages\/19486\/revisions\/20363"}],"wp:attachment":[{"href":"https:\/\/www.teknema.com\/fr\/wp-json\/wp\/v2\/media?parent=19486"}],"curies":[{"name":"wp","href":"https:\/\/api.w.org\/{rel}","templated":true}]}}